{"id":290,"date":"2023-04-19T19:41:27","date_gmt":"2023-04-19T17:41:27","guid":{"rendered":"https:\/\/wolfhytten.info\/?page_id=290"},"modified":"2023-12-16T15:10:10","modified_gmt":"2023-12-16T14:10:10","slug":"blog","status":"publish","type":"page","link":"https:\/\/wolfhytten.info\/de\/blog\/","title":{"rendered":"Blog"},"content":{"rendered":"<section class=\"l-section wpb_row height_auto\"><div class=\"l-section-h i-cf\"><div class=\"g-cols vc_row via_grid cols_1 laptops-cols_inherit tablets-cols_inherit mobiles-cols_1 valign_top type_default stacking_default\"><div class=\"wpb_column vc_column_container us_custom_6d4b375d has_bg_color\"><div class=\"vc_column-inner\"><h1 class=\"w-post-elm post_title us_custom_836f727b has_text_color align_center entry-title color_link_inherit\">Blog<\/h1><\/div><\/div><\/div><\/div><\/section><section class=\"l-section wpb_row us_custom_f131eb18 height_auto\"><div class=\"l-section-h i-cf\"><div class=\"g-cols vc_row via_grid cols_1 laptops-cols_inherit tablets-cols_inherit mobiles-cols_1 valign_top type_default stacking_default\"><div class=\"wpb_column vc_column_container\"><div class=\"vc_column-inner\"><div class=\"w-grid type_grid layout_377 cols_4\" id=\"us_grid_1\" style=\"--gap:0.6rem;\" data-filterable=\"true\"><style>@media (max-width:1280px){#us_grid_1 .w-grid-item{width:33.3333%}}@media (max-width:1040px){#us_grid_1 .w-grid-item{width:50%}}@media (max-width:610px){#us_grid_1 .w-grid-list{margin:0}#us_grid_1 .w-grid-item{width:100%;padding:0;margin-bottom:var(--gap,0px)}}.layout_377 .w-grid-item-h{}.layout_377 .usg_post_image_1{margin-bottom:1rem!important;border-radius:20px!important}.layout_377 .usg_post_title_1{font-size:1.4rem!important;font-weight:700!important}.layout_377 .usg_hwrapper_1{color:var(--color-content-faded)!important;font-size:0.9rem!important}.layout_377 .usg_post_taxonomy_1{font-weight:700!important;text-transform:uppercase!important}.layout_377 .usg_post_content_1{max-width:600px!important;margin-bottom:30x!important}<\/style><div class=\"w-grid-list\">\t<article class=\"w-grid-item size_1x1 post-3141 post type-post status-publish format-standard has-post-thumbnail hentry category-rezepte\" data-id=\"3141\">\r\n\t\t<div class=\"w-grid-item-h\">\r\n\t\t\t\t\t\t<div class=\"w-post-elm post_image usg_post_image_1 has_ratio\"><a href=\"https:\/\/wolfhytten.info\/de\/mache-deine-eigene-neapolitanische-pizza\/\" aria-label=\"Mache deine eigene neapolitanische Pizza\"><img decoding=\"async\" width=\"1000\" height=\"750\" src=\"https:\/\/wolfhytten.info\/wp-content\/uploads\/2023\/10\/pizza-made-in-ooni-pizzaoven.jpg\" class=\"attachment-large size-large wp-post-image\" alt=\"Homemade Pizza cooked in the vacation house pizza oven.\" srcset=\"https:\/\/wolfhytten.info\/wp-content\/uploads\/2023\/10\/pizza-made-in-ooni-pizzaoven.jpg 1000w, https:\/\/wolfhytten.info\/wp-content\/uploads\/2023\/10\/pizza-made-in-ooni-pizzaoven-300x225.jpg 300w\" sizes=\"(max-width: 1000px) 100vw, 1000px\" \/><\/a><div style=\"padding-bottom:66.6667%\"><\/div><\/div><div class=\"w-hwrapper usg_hwrapper_1 has_text_color align_none valign_top wrap\"><div class=\"w-post-elm post_taxonomy usg_post_taxonomy_1 style_simple\"><a class=\"term-142 term-rezepte\" href=\"https:\/\/wolfhytten.info\/de\/kategorie\/rezepte\/\">Rezepte<\/a><\/div><time class=\"w-post-elm post_date usg_post_date_1 entry-date published\" datetime=\"2024-08-04T22:05:57+02:00\" title=\"4 August 2024 um 22:05:57 Europe\/Berlin\u00a0Uhr\">vor 2\u00a0Jahren<\/time><\/div><h2 class=\"w-post-elm post_title usg_post_title_1 entry-title color_link_inherit\"><a href=\"https:\/\/wolfhytten.info\/de\/mache-deine-eigene-neapolitanische-pizza\/\">Mache deine eigene neapolitanische Pizza<\/a><\/h2><div class=\"w-post-elm post_content usg_post_content_1\"><p>Entdecke die Freude am Backen authentischer neapolitanischer Pizza in einem echten Pizzaofen in unserem Ferienhaus.<br \/>\nTipps und Tricks f\u00fcr eine perfekte selbstgemachte Pizza. <\/p>\n<\/div>\t\t<\/div>\r\n\t\t\t<\/article>\r\n\t<article class=\"w-grid-item size_1x1 post-2703 post type-post status-publish format-standard has-post-thumbnail hentry category-erforsche\" data-id=\"2703\">\r\n\t\t<div class=\"w-grid-item-h\">\r\n\t\t\t\t\t\t<div class=\"w-post-elm post_image usg_post_image_1 has_ratio\"><a href=\"https:\/\/wolfhytten.info\/de\/entdecke-die-jahreszeiten-in-telemark-norwegen-ein-ganzjaehriges-abenteuer\/\" aria-label=\"Entdecke die Jahreszeiten in Telemark, Norwegen: Ein ganzj\u00e4hriges Abenteuer\"><img decoding=\"async\" width=\"1000\" height=\"686\" src=\"https:\/\/wolfhytten.info\/wp-content\/uploads\/2023\/09\/telemark_mountain_hike_woman_with_dog.jpg\" class=\"attachment-large size-large wp-post-image\" alt=\"Woman and dog on mountain top looking into the distance\" srcset=\"https:\/\/wolfhytten.info\/wp-content\/uploads\/2023\/09\/telemark_mountain_hike_woman_with_dog.jpg 1000w, https:\/\/wolfhytten.info\/wp-content\/uploads\/2023\/09\/telemark_mountain_hike_woman_with_dog-300x206.jpg 300w\" sizes=\"(max-width: 1000px) 100vw, 1000px\" \/><\/a><div style=\"padding-bottom:66.6667%\"><\/div><\/div><div class=\"w-hwrapper usg_hwrapper_1 has_text_color align_none valign_top wrap\"><div class=\"w-post-elm post_taxonomy usg_post_taxonomy_1 style_simple\"><a class=\"term-113 term-erforsche\" href=\"https:\/\/wolfhytten.info\/de\/kategorie\/erforsche\/\">Erforsche<\/a><\/div><time class=\"w-post-elm post_date usg_post_date_1 entry-date published\" datetime=\"2023-09-17T10:42:31+02:00\" title=\"17 September 2023 um 10:42:31 Europe\/Berlin\u00a0Uhr\">vor 3\u00a0Jahren<\/time><\/div><h2 class=\"w-post-elm post_title usg_post_title_1 entry-title color_link_inherit\"><a href=\"https:\/\/wolfhytten.info\/de\/entdecke-die-jahreszeiten-in-telemark-norwegen-ein-ganzjaehriges-abenteuer\/\">Entdecke die Jahreszeiten in Telemark, Norwegen: Ein ganzj\u00e4hriges Abenteuer<\/a><\/h2><div class=\"w-post-elm post_content usg_post_content_1\"><p>Telemark-Abenteuer das ganze Jahr \u00fcber: Von Fr\u00fchlingswanderungen bis zum Skifahren im Winter &#8211; erkunde die Naturwunder und Aktivit\u00e4ten S\u00fcdnorwegens.<\/p>\n<\/div>\t\t<\/div>\r\n\t\t\t<\/article>\r\n\t<article class=\"w-grid-item size_1x1 post-2664 post type-post status-publish format-standard has-post-thumbnail hentry category-neuigkeiten category-norwegen\" data-id=\"2664\">\r\n\t\t<div class=\"w-grid-item-h\">\r\n\t\t\t\t\t\t<div class=\"w-post-elm post_image usg_post_image_1 has_ratio\"><a href=\"https:\/\/wolfhytten.info\/de\/warum-immer-mehr-urlauber-die-milden-temperaturen-in-norwegen-bevorzugen\/\" aria-label=\"Warum immer mehr Urlauber den Sommer in Norwegen bevorzugen\"><img decoding=\"async\" width=\"1000\" height=\"1000\" src=\"https:\/\/wolfhytten.info\/wp-content\/uploads\/2023\/09\/water-lake-in-summer-mild-temperatures.jpg\" class=\"attachment-large size-large wp-post-image\" alt=\"Serene summer scene with a clear lake, lush trees, and blue sky.\" srcset=\"https:\/\/wolfhytten.info\/wp-content\/uploads\/2023\/09\/water-lake-in-summer-mild-temperatures.jpg 1000w, https:\/\/wolfhytten.info\/wp-content\/uploads\/2023\/09\/water-lake-in-summer-mild-temperatures-300x300.jpg 300w, https:\/\/wolfhytten.info\/wp-content\/uploads\/2023\/09\/water-lake-in-summer-mild-temperatures-150x150.jpg 150w\" sizes=\"(max-width: 1000px) 100vw, 1000px\" \/><\/a><div style=\"padding-bottom:66.6667%\"><\/div><\/div><div class=\"w-hwrapper usg_hwrapper_1 has_text_color align_none valign_top wrap\"><div class=\"w-post-elm post_taxonomy usg_post_taxonomy_1 style_simple\"><a class=\"term-64 term-neuigkeiten\" href=\"https:\/\/wolfhytten.info\/de\/kategorie\/neuigkeiten\/\">Neuigkeiten<\/a><b>, <\/b><a class=\"term-110 term-norwegen\" href=\"https:\/\/wolfhytten.info\/de\/kategorie\/norwegen\/\">Norwegen<\/a><\/div><time class=\"w-post-elm post_date usg_post_date_1 entry-date published\" datetime=\"2023-09-15T19:02:37+02:00\" title=\"15 September 2023 um 19:02:37 Europe\/Berlin\u00a0Uhr\">vor 3\u00a0Jahren<\/time><\/div><h2 class=\"w-post-elm post_title usg_post_title_1 entry-title color_link_inherit\"><a href=\"https:\/\/wolfhytten.info\/de\/warum-immer-mehr-urlauber-die-milden-temperaturen-in-norwegen-bevorzugen\/\">Warum immer mehr Urlauber den Sommer in Norwegen bevorzugen<\/a><\/h2><div class=\"w-post-elm post_content usg_post_content_1\"><p>Die norwegischen Sommer, die f\u00fcr ihre Milde bekannt sind, ziehen immer mehr Reisende an, die das perfekte Sommererlebnis suchen.<\/p>\n<\/div>\t\t<\/div>\r\n\t\t\t<\/article>\r\n\t<article class=\"w-grid-item size_1x1 post-426 post type-post status-publish format-standard has-post-thumbnail hentry category-wolfhytten-de\" data-id=\"426\">\r\n\t\t<div class=\"w-grid-item-h\">\r\n\t\t\t\t\t\t<div class=\"w-post-elm post_image usg_post_image_1 has_ratio\"><a href=\"https:\/\/wolfhytten.info\/de\/wie-es-begann\/\" aria-label=\"Das Grundst\u00fcck f\u00fcr Wolfhytten vorbereiten\"><img decoding=\"async\" width=\"750\" height=\"1000\" src=\"https:\/\/wolfhytten.info\/wp-content\/uploads\/2023\/07\/vacation-house-construction-site-surveying.jpg\" class=\"attachment-large size-large wp-post-image\" alt=\"Surveying of Vacation House Construction Site in Norway.\" srcset=\"https:\/\/wolfhytten.info\/wp-content\/uploads\/2023\/07\/vacation-house-construction-site-surveying.jpg 750w, https:\/\/wolfhytten.info\/wp-content\/uploads\/2023\/07\/vacation-house-construction-site-surveying-225x300.jpg 225w\" sizes=\"(max-width: 750px) 100vw, 750px\" \/><\/a><div style=\"padding-bottom:66.6667%\"><\/div><\/div><div class=\"w-hwrapper usg_hwrapper_1 has_text_color align_none valign_top wrap\"><div class=\"w-post-elm post_taxonomy usg_post_taxonomy_1 style_simple\"><a class=\"term-108 term-wolfhytten-de\" href=\"https:\/\/wolfhytten.info\/de\/kategorie\/wolfhytten-de\/\">Wolfhytten<\/a><\/div><time class=\"w-post-elm post_date usg_post_date_1 entry-date published\" datetime=\"2023-07-07T20:18:25+02:00\" title=\"7 Juli 2023 um 20:18:25 Europe\/Berlin\u00a0Uhr\">vor 3\u00a0Jahren<\/time><\/div><h2 class=\"w-post-elm post_title usg_post_title_1 entry-title color_link_inherit\"><a href=\"https:\/\/wolfhytten.info\/de\/wie-es-begann\/\">Das Grundst\u00fcck f\u00fcr Wolfhytten vorbereiten<\/a><\/h2><div class=\"w-post-elm post_content usg_post_content_1\"><p>Entdecke die Reise zur Vorbereitung der &#8222;Wolfhytten&#8220; im norwegischen Vr\u00e5dal, bei der die Erhaltung der Natur und authentische G\u00e4steerlebnisse im Mittelpunkt stehen. Lies mehr!<\/p>\n<\/div>\t\t<\/div>\r\n\t\t\t<\/article>\r\n<\/div><div class=\"w-grid-preloader\">\t<div class=\"g-preloader type_1\">\r\n\t\t<div><\/div>\r\n\t<\/div>\r\n\t<\/div>\t<div class=\"w-grid-json hidden\" onclick='return {&quot;action&quot;:&quot;us_ajax_grid&quot;,&quot;infinite_scroll&quot;:0,&quot;max_num_pages&quot;:1,&quot;pagination&quot;:&quot;none&quot;,&quot;template_vars&quot;:{&quot;columns&quot;:&quot;4&quot;,&quot;exclude_items&quot;:&quot;none&quot;,&quot;img_size&quot;:&quot;default&quot;,&quot;ignore_items_size&quot;:0,&quot;items_layout&quot;:&quot;377&quot;,&quot;items_offset&quot;:&quot;1&quot;,&quot;load_animation&quot;:&quot;none&quot;,&quot;overriding_link&quot;:&quot;{\\&quot;url\\&quot;:\\&quot;\\&quot;}&quot;,&quot;post_id&quot;:0,&quot;query_args&quot;:{&quot;post_type&quot;:[&quot;post&quot;],&quot;post_status&quot;:[&quot;publish&quot;,&quot;acf-disabled&quot;],&quot;posts_per_page&quot;:&quot;20&quot;},&quot;orderby_query_args&quot;:{&quot;orderby&quot;:{&quot;date&quot;:&quot;DESC&quot;}},&quot;type&quot;:&quot;grid&quot;,&quot;us_grid_post_type&quot;:&quot;post&quot;,&quot;us_grid_ajax_index&quot;:1,&quot;us_grid_filter_query_string&quot;:null,&quot;us_grid_index&quot;:1,&quot;page_args&quot;:[],&quot;lang&quot;:&quot;de&quot;}}'><\/div>\r\n\t<\/div><\/div><\/div><\/div><\/div><\/section><section class=\"l-section wpb_row height_custom\"><div class=\"l-section-h i-cf\"><div class=\"g-cols vc_row via_grid cols_1 laptops-cols_inherit tablets-cols_inherit mobiles-cols_1 valign_top type_default stacking_default\"><div class=\"wpb_column vc_column_container\"><div class=\"vc_column-inner\"><section class=\"l-section wpb_row height_auto width_full\"><div class=\"l-section-h i-cf\"><div class=\"g-cols vc_row via_grid cols_2 laptops-cols_inherit tablets-cols_inherit mobiles-cols_1 valign_middle type_default reversed stacking_default\" style=\"--gap:0rem;\"><div class=\"wpb_column vc_column_container us_custom_be6258f0 has_text_color has_bg_color\" id=\"book-your-stay\"><div class=\"vc_column-inner\"><h2 class=\"w-text us_custom_84383f0b\"><span class=\"w-text-h\"><span class=\"w-text-value\">Jetzt Verf\u00fcgbarkeit pr\u00fcfen<\/span><\/span><\/h2><div class=\"w-text us_custom_a208e6a3 has_text_color\"><span class=\"w-text-h\"><span class=\"w-text-value\">Checke die Verf\u00fcgbarkeit und buche deinen Aufenthalt auf deiner bevorzugten Plattform.<\/span><\/span><\/div><div class=\"w-separator size_custom\" style=\"height:30px\"><\/div><div class=\"g-cols wpb_row via_grid cols_1 laptops-cols_inherit tablets-cols_inherit mobiles-cols_1 valign_top type_default stacking_default\" style=\"--gap:3rem;\"><div class=\"wpb_column vc_column_container\"><div class=\"vc_column-inner\"><div class=\"w-hwrapper valign_top wrap stack_on_mobiles default_align_left laptops_align_left tablets_align_left mobiles_align_center\" style=\"--hwrapper-gap:1rem\"><div class=\"w-btn-wrapper align_none\"><a class=\"w-btn us-btn-style_3 us_custom_8ccd0000 my-contact\" target=\"_blank\" rel=\"nofollow\" href=\"https:\/\/checkout.lodgify.com\/v2\/de\/wolfhytten\/reservation?propertyId=555873\"><span class=\"w-btn-label\">Direktbuchung<\/span><\/a><\/div><div class=\"w-btn-wrapper align_none hide_on_default hide_on_laptops hide_on_tablets hide_on_mobiles\"><a class=\"w-btn us-btn-style_3 us_custom_793b1f5f my-contact\" target=\"_blank\" rel=\"nofollow\" href=\"https:\/\/www.fewo-direkt.de\"><span class=\"w-btn-label\">FeWo-direkt<\/span><\/a><\/div><div class=\"w-btn-wrapper align_none hide_on_default hide_on_laptops hide_on_tablets hide_on_mobiles\"><a class=\"w-btn us-btn-style_3 us_custom_5606d7f4 my-contact\" target=\"_blank\" rel=\"nofollow\" href=\"https:\/\/www.booking.com\"><span class=\"w-btn-label\">Booking.com<\/span><\/a><\/div><div class=\"w-btn-wrapper align_none\"><a class=\"w-btn us-btn-style_3 us_custom_1a0e992a my-contact\" target=\"_blank\" rel=\"nofollow\" href=\"https:\/\/airbnb.com\/h\/wolfhytten\"><span class=\"w-btn-label\">Airbnb<\/span><\/a><\/div><\/div><\/div><\/div><\/div><\/div><\/div><div class=\"wpb_column vc_column_container us_custom_91c70565 has_bg_color\"><div class=\"vc_column-inner\"><\/div><\/div><\/div><\/div><\/section>\n<\/div><\/div><\/div><\/div><\/section>\n","protected":false},"excerpt":{"rendered":"Am 6. Juli 2023 sind wir nach Vr\u00e5dal, Norwegen, gereist, um die weitere Planung f\u00fcr unser Ferienhaus \"Wolfhytten\" voranzutreiben. Die Bauarbeiten sollen im Oktober beginnen, also mussten wir das Grundst\u00fcck vorher vorbereiten. In einem produktiven Treffen mit der Baufirma und dem Verantwortlichen f\u00fcr die Grundst\u00fccksvorbereitung haben wir den optimalen Standort f\u00fcr das Ferienhaus auf dem...","protected":false},"author":1,"featured_media":2699,"parent":0,"menu_order":0,"comment_status":"closed","ping_status":"closed","template":"","meta":{"_acf_changed":false,"footnotes":""},"class_list":["post-290","page","type-page","status-publish","has-post-thumbnail","hentry"],"acf":[],"yoast_head":"<!-- This site is optimized with the Yoast SEO plugin v27.3 - https:\/\/yoast.com\/product\/yoast-seo-wordpress\/ -->\n<title>Entdecke Einblicke \u00fcber die Telemark-Region - Wolfhytten<\/title>\n<meta name=\"description\" content=\"Entdecke unsere umfassende Sammlung von Blogartikeln \u00fcber unsere H\u00fctte und Telemark. Hier findest du Einblicke und Tipps \u00fcber die Region.\" \/>\n<meta name=\"robots\" content=\"index, follow, max-snippet:-1, max-image-preview:large, max-video-preview:-1\" \/>\n<link rel=\"canonical\" href=\"https:\/\/wolfhytten.info\/de\/blog\/\" \/>\n<meta property=\"og:locale\" content=\"de_DE\" \/>\n<meta property=\"og:type\" content=\"article\" \/>\n<meta property=\"og:title\" content=\"Entdecke Einblicke \u00fcber die Telemark-Region - Wolfhytten\" \/>\n<meta property=\"og:description\" content=\"Entdecke unsere umfassende Sammlung von Blogartikeln \u00fcber unsere H\u00fctte und Telemark. Hier findest du Einblicke und Tipps \u00fcber die Region.\" \/>\n<meta property=\"og:url\" content=\"https:\/\/wolfhytten.info\/de\/blog\/\" \/>\n<meta property=\"og:site_name\" content=\"Wolfhytten\" \/>\n<meta property=\"article:modified_time\" content=\"2023-12-16T14:10:10+00:00\" \/>\n<meta property=\"og:image\" content=\"https:\/\/wolfhytten.info\/wp-content\/uploads\/2023\/09\/telemark_mountain_hike_woman_with_dog.jpg\" \/>\n\t<meta property=\"og:image:width\" content=\"1000\" \/>\n\t<meta property=\"og:image:height\" content=\"686\" \/>\n\t<meta property=\"og:image:type\" content=\"image\/jpeg\" \/>\n<meta name=\"twitter:card\" content=\"summary_large_image\" \/>\n<meta name=\"twitter:label1\" content=\"Gesch\u00e4tzte Lesezeit\" \/>\n\t<meta name=\"twitter:data1\" content=\"1\u00a0Minute\" \/>\n<script type=\"application\/ld+json\" class=\"yoast-schema-graph\">{\"@context\":\"https:\\\/\\\/schema.org\",\"@graph\":[{\"@type\":\"WebPage\",\"@id\":\"https:\\\/\\\/wolfhytten.info\\\/de\\\/blog\\\/\",\"url\":\"https:\\\/\\\/wolfhytten.info\\\/de\\\/blog\\\/\",\"name\":\"Entdecke Einblicke \u00fcber die Telemark-Region - Wolfhytten\",\"isPartOf\":{\"@id\":\"https:\\\/\\\/wolfhytten.info\\\/de\\\/#website\"},\"primaryImageOfPage\":{\"@id\":\"https:\\\/\\\/wolfhytten.info\\\/de\\\/blog\\\/#primaryimage\"},\"image\":{\"@id\":\"https:\\\/\\\/wolfhytten.info\\\/de\\\/blog\\\/#primaryimage\"},\"thumbnailUrl\":\"https:\\\/\\\/wolfhytten.info\\\/wp-content\\\/uploads\\\/2023\\\/09\\\/telemark_mountain_hike_woman_with_dog.jpg\",\"datePublished\":\"2023-04-19T17:41:27+00:00\",\"dateModified\":\"2023-12-16T14:10:10+00:00\",\"description\":\"Entdecke unsere umfassende Sammlung von Blogartikeln \u00fcber unsere H\u00fctte und Telemark. Hier findest du Einblicke und Tipps \u00fcber die Region.\",\"breadcrumb\":{\"@id\":\"https:\\\/\\\/wolfhytten.info\\\/de\\\/blog\\\/#breadcrumb\"},\"inLanguage\":\"de\",\"potentialAction\":[{\"@type\":\"ReadAction\",\"target\":[\"https:\\\/\\\/wolfhytten.info\\\/de\\\/blog\\\/\"]}]},{\"@type\":\"ImageObject\",\"inLanguage\":\"de\",\"@id\":\"https:\\\/\\\/wolfhytten.info\\\/de\\\/blog\\\/#primaryimage\",\"url\":\"https:\\\/\\\/wolfhytten.info\\\/wp-content\\\/uploads\\\/2023\\\/09\\\/telemark_mountain_hike_woman_with_dog.jpg\",\"contentUrl\":\"https:\\\/\\\/wolfhytten.info\\\/wp-content\\\/uploads\\\/2023\\\/09\\\/telemark_mountain_hike_woman_with_dog.jpg\",\"width\":1000,\"height\":686,\"caption\":\"Woman and dog on mountain top looking into the distance\"},{\"@type\":\"BreadcrumbList\",\"@id\":\"https:\\\/\\\/wolfhytten.info\\\/de\\\/blog\\\/#breadcrumb\",\"itemListElement\":[{\"@type\":\"ListItem\",\"position\":1,\"name\":\"Home\",\"item\":\"https:\\\/\\\/wolfhytten.info\\\/de\\\/startseite\\\/\"},{\"@type\":\"ListItem\",\"position\":2,\"name\":\"Blog\"}]},{\"@type\":\"WebSite\",\"@id\":\"https:\\\/\\\/wolfhytten.info\\\/de\\\/#website\",\"url\":\"https:\\\/\\\/wolfhytten.info\\\/de\\\/\",\"name\":\"Wolfhytten - Cabin in Vr\u00e5dal\",\"description\":\"Cabin in Vr\u00e5dal\",\"publisher\":{\"@id\":\"https:\\\/\\\/wolfhytten.info\\\/de\\\/#organization\"},\"alternateName\":\"Wolfhytten\",\"potentialAction\":[{\"@type\":\"SearchAction\",\"target\":{\"@type\":\"EntryPoint\",\"urlTemplate\":\"https:\\\/\\\/wolfhytten.info\\\/de\\\/?s={search_term_string}\"},\"query-input\":{\"@type\":\"PropertyValueSpecification\",\"valueRequired\":true,\"valueName\":\"search_term_string\"}}],\"inLanguage\":\"de\"},{\"@type\":\"Organization\",\"@id\":\"https:\\\/\\\/wolfhytten.info\\\/de\\\/#organization\",\"name\":\"Wolfhytten\",\"url\":\"https:\\\/\\\/wolfhytten.info\\\/de\\\/\",\"logo\":{\"@type\":\"ImageObject\",\"inLanguage\":\"de\",\"@id\":\"https:\\\/\\\/wolfhytten.info\\\/de\\\/#\\\/schema\\\/logo\\\/image\\\/\",\"url\":\"https:\\\/\\\/wolfhytten.info\\\/wp-content\\\/uploads\\\/2022\\\/03\\\/2-wolfhytten-logo-web.png\",\"contentUrl\":\"https:\\\/\\\/wolfhytten.info\\\/wp-content\\\/uploads\\\/2022\\\/03\\\/2-wolfhytten-logo-web.png\",\"width\":500,\"height\":231,\"caption\":\"Wolfhytten\"},\"image\":{\"@id\":\"https:\\\/\\\/wolfhytten.info\\\/de\\\/#\\\/schema\\\/logo\\\/image\\\/\"},\"sameAs\":[\"https:\\\/\\\/www.instagram.com\\\/wolfhytten\\\/\"]}]}<\/script>\n<!-- \/ Yoast SEO plugin. -->","yoast_head_json":{"title":"Entdecke Einblicke \u00fcber die Telemark-Region - Wolfhytten","description":"Entdecke unsere umfassende Sammlung von Blogartikeln \u00fcber unsere H\u00fctte und Telemark. Hier findest du Einblicke und Tipps \u00fcber die Region.","robots":{"index":"index","follow":"follow","max-snippet":"max-snippet:-1","max-image-preview":"max-image-preview:large","max-video-preview":"max-video-preview:-1"},"canonical":"https:\/\/wolfhytten.info\/de\/blog\/","og_locale":"de_DE","og_type":"article","og_title":"Entdecke Einblicke \u00fcber die Telemark-Region - Wolfhytten","og_description":"Entdecke unsere umfassende Sammlung von Blogartikeln \u00fcber unsere H\u00fctte und Telemark. Hier findest du Einblicke und Tipps \u00fcber die Region.","og_url":"https:\/\/wolfhytten.info\/de\/blog\/","og_site_name":"Wolfhytten","article_modified_time":"2023-12-16T14:10:10+00:00","og_image":[{"width":1000,"height":686,"url":"https:\/\/wolfhytten.info\/wp-content\/uploads\/2023\/09\/telemark_mountain_hike_woman_with_dog.jpg","type":"image\/jpeg"}],"twitter_card":"summary_large_image","twitter_misc":{"Gesch\u00e4tzte Lesezeit":"1\u00a0Minute"},"schema":{"@context":"https:\/\/schema.org","@graph":[{"@type":"WebPage","@id":"https:\/\/wolfhytten.info\/de\/blog\/","url":"https:\/\/wolfhytten.info\/de\/blog\/","name":"Entdecke Einblicke \u00fcber die Telemark-Region - Wolfhytten","isPartOf":{"@id":"https:\/\/wolfhytten.info\/de\/#website"},"primaryImageOfPage":{"@id":"https:\/\/wolfhytten.info\/de\/blog\/#primaryimage"},"image":{"@id":"https:\/\/wolfhytten.info\/de\/blog\/#primaryimage"},"thumbnailUrl":"https:\/\/wolfhytten.info\/wp-content\/uploads\/2023\/09\/telemark_mountain_hike_woman_with_dog.jpg","datePublished":"2023-04-19T17:41:27+00:00","dateModified":"2023-12-16T14:10:10+00:00","description":"Entdecke unsere umfassende Sammlung von Blogartikeln \u00fcber unsere H\u00fctte und Telemark. Hier findest du Einblicke und Tipps \u00fcber die Region.","breadcrumb":{"@id":"https:\/\/wolfhytten.info\/de\/blog\/#breadcrumb"},"inLanguage":"de","potentialAction":[{"@type":"ReadAction","target":["https:\/\/wolfhytten.info\/de\/blog\/"]}]},{"@type":"ImageObject","inLanguage":"de","@id":"https:\/\/wolfhytten.info\/de\/blog\/#primaryimage","url":"https:\/\/wolfhytten.info\/wp-content\/uploads\/2023\/09\/telemark_mountain_hike_woman_with_dog.jpg","contentUrl":"https:\/\/wolfhytten.info\/wp-content\/uploads\/2023\/09\/telemark_mountain_hike_woman_with_dog.jpg","width":1000,"height":686,"caption":"Woman and dog on mountain top looking into the distance"},{"@type":"BreadcrumbList","@id":"https:\/\/wolfhytten.info\/de\/blog\/#breadcrumb","itemListElement":[{"@type":"ListItem","position":1,"name":"Home","item":"https:\/\/wolfhytten.info\/de\/startseite\/"},{"@type":"ListItem","position":2,"name":"Blog"}]},{"@type":"WebSite","@id":"https:\/\/wolfhytten.info\/de\/#website","url":"https:\/\/wolfhytten.info\/de\/","name":"Wolfhytten - Cabin in Vr\u00e5dal","description":"Cabin in Vr\u00e5dal","publisher":{"@id":"https:\/\/wolfhytten.info\/de\/#organization"},"alternateName":"Wolfhytten","potentialAction":[{"@type":"SearchAction","target":{"@type":"EntryPoint","urlTemplate":"https:\/\/wolfhytten.info\/de\/?s={search_term_string}"},"query-input":{"@type":"PropertyValueSpecification","valueRequired":true,"valueName":"search_term_string"}}],"inLanguage":"de"},{"@type":"Organization","@id":"https:\/\/wolfhytten.info\/de\/#organization","name":"Wolfhytten","url":"https:\/\/wolfhytten.info\/de\/","logo":{"@type":"ImageObject","inLanguage":"de","@id":"https:\/\/wolfhytten.info\/de\/#\/schema\/logo\/image\/","url":"https:\/\/wolfhytten.info\/wp-content\/uploads\/2022\/03\/2-wolfhytten-logo-web.png","contentUrl":"https:\/\/wolfhytten.info\/wp-content\/uploads\/2022\/03\/2-wolfhytten-logo-web.png","width":500,"height":231,"caption":"Wolfhytten"},"image":{"@id":"https:\/\/wolfhytten.info\/de\/#\/schema\/logo\/image\/"},"sameAs":["https:\/\/www.instagram.com\/wolfhytten\/"]}]}},"_links":{"self":[{"href":"https:\/\/wolfhytten.info\/de\/wp-json\/wp\/v2\/pages\/290","targetHints":{"allow":["GET"]}}],"collection":[{"href":"https:\/\/wolfhytten.info\/de\/wp-json\/wp\/v2\/pages"}],"about":[{"href":"https:\/\/wolfhytten.info\/de\/wp-json\/wp\/v2\/types\/page"}],"author":[{"embeddable":true,"href":"https:\/\/wolfhytten.info\/de\/wp-json\/wp\/v2\/users\/1"}],"replies":[{"embeddable":true,"href":"https:\/\/wolfhytten.info\/de\/wp-json\/wp\/v2\/comments?post=290"}],"version-history":[{"count":10,"href":"https:\/\/wolfhytten.info\/de\/wp-json\/wp\/v2\/pages\/290\/revisions"}],"predecessor-version":[{"id":3586,"href":"https:\/\/wolfhytten.info\/de\/wp-json\/wp\/v2\/pages\/290\/revisions\/3586"}],"wp:featuredmedia":[{"embeddable":true,"href":"https:\/\/wolfhytten.info\/de\/wp-json\/wp\/v2\/media\/2699"}],"wp:attachment":[{"href":"https:\/\/wolfhytten.info\/de\/wp-json\/wp\/v2\/media?parent=290"}],"curies":[{"name":"wp","href":"https:\/\/api.w.org\/{rel}","templated":true}]}}