{"id":409,"date":"2023-04-20T20:41:37","date_gmt":"2023-04-20T18:41:37","guid":{"rendered":"https:\/\/wolfhytten.info\/wegbeschreibung\/"},"modified":"2024-03-22T21:56:46","modified_gmt":"2024-03-22T20:56:46","slug":"wegbeschreibung","status":"publish","type":"page","link":"https:\/\/wolfhytten.info\/de\/wegbeschreibung\/","title":{"rendered":"Anreise"},"content":{"rendered":"<section class=\"l-section wpb_row height_auto\"><div class=\"l-section-h i-cf\"><div class=\"g-cols vc_row via_grid cols_1 laptops-cols_inherit tablets-cols_inherit mobiles-cols_1 valign_top type_default stacking_default\"><div class=\"wpb_column vc_column_container us_custom_f3355768 has_bg_color\"><div class=\"vc_column-inner\"><h1 class=\"w-post-elm post_title us_custom_836f727b has_text_color align_center entry-title color_link_inherit\">Anreise<\/h1><\/div><\/div><\/div><\/div><\/section><section class=\"l-section wpb_row height_custom\"><div class=\"l-section-h i-cf\"><div class=\"g-cols vc_row via_grid cols_1 laptops-cols_inherit tablets-cols_inherit mobiles-cols_1 valign_top type_default stacking_default\"><div class=\"wpb_column vc_column_container\"><div class=\"vc_column-inner\"><div class=\"g-cols wpb_row via_grid cols_2 laptops-cols_inherit tablets-cols_1 mobiles-cols_1 valign_top type_default stacking_default\" style=\"--gap:3rem;\"><div class=\"wpb_column vc_column_container\"><div class=\"vc_column-inner\"><h2 class=\"w-text us_custom_a4fdb2b3\"><span class=\"w-text-h\"><span class=\"w-text-value\">Entdecke die besten M\u00f6glichkeiten, nach S\u00fcdnorwegen zu reisen<\/span><\/span><\/h2><div class=\"wpb_text_column\"><div class=\"wpb_wrapper\"><p>Es gibt mehrere bequeme Reisem\u00f6glichkeiten, um Vr\u00e5dal, Norwegen, zu erreichen. Du kannst mit dem Auto fahren, eine F\u00e4hre nehmen oder dich f\u00fcr einen Flug entscheiden.  Beachte jede dieser M\u00f6glichkeiten, um deine Reise nach Norwegen zu planen. Die beliebtesten Routen beinhalten oft eine F\u00e4hr\u00fcberfahrt. Wenn du alternative Routen ohne F\u00e4hren bevorzugst, findest du unten Informationen zur Anreise mit dem Auto oder mit dem Flugzeug.<\/p>\n<\/div><\/div><div class=\"w-separator size_custom\" style=\"height:30px\"><\/div><div class=\"wpb_text_column\"><div class=\"wpb_wrapper\"><h3>1. F\u00e4hre von Hirtshals nach Norwegen<\/h3>\n<p>Reise von Hirtshals (DK) nach Larvik\/Kristiansand (NO) auf einer 3-st\u00fcndigen F\u00e4hr\u00fcberfahrt. Danach setzt du deine Reise mit einer 3-st\u00fcndigen Fahrt zu unserer H\u00fctte in Vr\u00e5dal fort.<\/p>\n<\/div><\/div><div class=\"w-separator size_custom\" style=\"height:30px\"><\/div><div class=\"wpb_text_column\"><div class=\"wpb_wrapper\"><h3>2. Kurze F\u00e4hre von Fehmarn nach Skandinavien<\/h3>\n<p>Deine Reise beginnt mit einer 45-min\u00fctigen F\u00e4hrfahrt von Fehmarn (DE) nach R\u00f8dby (DK). Fahre durch Schweden, um Norwegen zu erreichen, eine Gesamtfahrzeit von etwa 10 Stunden.<\/p>\n<\/div><\/div><div class=\"w-separator size_custom\" style=\"height:30px\"><\/div><div class=\"wpb_text_column\"><div class=\"wpb_wrapper\"><h3>3. Luxus-Option von Kiel nach Oslo<\/h3>\n<p>Entscheide dich f\u00fcr die Nachtf\u00e4hre von Kiel (DE) nach Oslo (NO) und genie\u00dfe eine 20-st\u00fcndige Kreuzfahrt. Nach der Ankunft in Oslo f\u00e4hrst du 4 Stunden zu unserer H\u00fctte in Vr\u00e5dal, Norwegen.<\/p>\n<\/div><\/div><\/div><\/div><div class=\"wpb_column vc_column_container us_custom_fe72328b has_bg_color\"><div class=\"vc_column-inner\"><div class=\"wpb_text_column us_custom_b8655b59\"><div class=\"wpb_wrapper\"><p>\u00a9 <a href=\"https:\/\/www.openstreetmap.org\/copyright\" target=\"_blank\" rel=\"noopener\">OpenStreetMap<\/a> contributors<\/p>\n<\/div><\/div><\/div><\/div><\/div><\/div><\/div><\/div><\/div><\/section><section class=\"l-section wpb_row height_auto\"><div class=\"l-section-h i-cf\"><div class=\"g-cols vc_row via_grid cols_1 laptops-cols_inherit tablets-cols_inherit mobiles-cols_1 valign_top type_default stacking_default\"><div class=\"wpb_column vc_column_container\"><div class=\"vc_column-inner\"><h2 class=\"w-text us_custom_eb849559\"><span class=\"w-text-h\"><span class=\"w-text-value\">Nach Norwegen mit dem Flugzeug oder einer F\u00e4hrenfreien Autofahrt<\/span><\/span><\/h2><div class=\"g-cols wpb_row us_custom_687769f5 via_grid cols_2 laptops-cols_inherit tablets-cols_1 mobiles-cols_1 valign_top type_default stacking_default\" style=\"--gap:1rem;\"><div class=\"wpb_column vc_column_container us_custom_8373e9a1\"><div class=\"vc_column-inner\"><div class=\"w-image us_custom_fca8cc99 has_ratio align_none\"><div class=\"w-image-h\"><div style=\"padding-bottom:66.6667%\"><\/div><img decoding=\"async\" width=\"1000\" height=\"672\" src=\"https:\/\/wolfhytten.info\/wp-content\/uploads\/2023\/09\/air-norwegian-aircraft.jpg\" class=\"attachment-large size-large\" alt=\"Air Norwegian Aircraft on the Ground\" loading=\"lazy\" srcset=\"https:\/\/wolfhytten.info\/wp-content\/uploads\/2023\/09\/air-norwegian-aircraft.jpg 1000w, https:\/\/wolfhytten.info\/wp-content\/uploads\/2023\/09\/air-norwegian-aircraft-300x202.jpg 300w\" sizes=\"auto, (max-width: 1000px) 100vw, 1000px\" \/><\/div><\/div><div class=\"wpb_text_column us_custom_0db2db7a\"><div class=\"wpb_wrapper\"><p>F\u00fcr diejenigen, die mit dem Flugzeug nach Norwegen kommen, ist der Flughafen Oslo ein bequemer Ausgangspunkt. Nach der Landung am Flughafen Oslo kannst du dir ganz einfach ein Auto mieten, um die etwa 4-st\u00fcndige Fahrt zu unserer H\u00fctte anzutreten. Diese Option bietet eine schnelle und bequeme M\u00f6glichkeit, unsere H\u00fctte in Wolfhytten zu erreichen, wenn du aus gr\u00f6\u00dferer Entfernung anreist.<\/p>\n<\/div><\/div><\/div><\/div><div class=\"wpb_column vc_column_container\"><div class=\"vc_column-inner\"><div class=\"w-image us_custom_fca8cc99 has_ratio align_none\"><div class=\"w-image-h\"><div style=\"padding-bottom:66.6667%\"><\/div><img decoding=\"async\" width=\"1000\" height=\"696\" src=\"https:\/\/wolfhytten.info\/wp-content\/uploads\/2023\/09\/oeresund_bridge_sea.jpg\" class=\"attachment-large size-large\" alt=\"\u00d6resund Bridge Overlooking the Sea\" loading=\"lazy\" srcset=\"https:\/\/wolfhytten.info\/wp-content\/uploads\/2023\/09\/oeresund_bridge_sea.jpg 1000w, https:\/\/wolfhytten.info\/wp-content\/uploads\/2023\/09\/oeresund_bridge_sea-300x209.jpg 300w\" sizes=\"auto, (max-width: 1000px) 100vw, 1000px\" \/><\/div><\/div><div class=\"wpb_text_column us_custom_0db2db7a\"><div class=\"wpb_wrapper\"><p>F\u00fcr Reisende, die eine f\u00e4hrenfreie Route nach Norwegen suchen, ist ein Roadtrip durch D\u00e4nemark und Schweden eine Option. Zwei wichtige Br\u00fccken, die Storeb\u00e6lt-Br\u00fccke (ca. 35 \u20ac Maut) und die \u00d6resund-Br\u00fccke (ca. 50 \u20ac Maut), verbinden diese L\u00e4nder. Diese Mautgeb\u00fchren sind notwendige Ausgaben, um Norwegen auf der Stra\u00dfe zu erreichen und die landschaftlich reizvolle Reise zu genie\u00dfen.<\/p>\n<\/div><\/div><\/div><\/div><\/div><\/div><\/div><\/div><\/div><\/section><section class=\"l-section wpb_row height_auto\"><div class=\"l-section-h i-cf\"><div class=\"g-cols vc_row via_grid cols_1 laptops-cols_inherit tablets-cols_inherit mobiles-cols_1 valign_top type_default stacking_default\"><div class=\"wpb_column vc_column_container\"><div class=\"vc_column-inner\"><div class=\"g-cols wpb_row via_grid cols_1 laptops-cols_inherit tablets-cols_inherit mobiles-cols_1 valign_top type_default stacking_default\" style=\"--gap:3rem;\"><div class=\"wpb_column vc_column_container us_custom_56aa31cf has_bg_color\"><div class=\"vc_column-inner\"><div class=\"wpb_text_column us_custom_b8655b59\"><div class=\"wpb_wrapper\"><p>\u00a9 <a href=\"https:\/\/www.openstreetmap.org\/copyright\" target=\"_blank\" rel=\"noopener\">OpenStreetMap<\/a> contributors<\/p>\n<\/div><\/div><\/div><\/div><\/div><div class=\"w-separator size_custom\" style=\"height:30px\"><\/div><div class=\"w-btn-wrapper align_center\"><a class=\"w-btn us-btn-style_4\" target=\"_blank\" title=\"Google Maps\" href=\"https:\/\/goo.gl\/maps\/AroDArph8fBecdPz8\"><span class=\"w-btn-label\">Wegbeschreibung auf Google Maps abrufen<\/span><\/a><\/div><\/div><\/div><\/div><\/div><\/section><section class=\"l-section wpb_row height_custom\"><div class=\"l-section-h i-cf\"><div class=\"g-cols vc_row via_grid cols_1 laptops-cols_inherit tablets-cols_inherit mobiles-cols_1 valign_top type_default stacking_default\"><div class=\"wpb_column vc_column_container\"><div class=\"vc_column-inner\"><section class=\"l-section wpb_row height_auto width_full\"><div class=\"l-section-h i-cf\"><div class=\"g-cols vc_row via_grid cols_2 laptops-cols_inherit tablets-cols_inherit mobiles-cols_1 valign_middle type_default reversed stacking_default\" style=\"--gap:0rem;\"><div class=\"wpb_column vc_column_container us_custom_be6258f0 has_text_color has_bg_color\" id=\"book-your-stay\"><div class=\"vc_column-inner\"><h2 class=\"w-text us_custom_84383f0b\"><span class=\"w-text-h\"><span class=\"w-text-value\">Jetzt Verf\u00fcgbarkeit pr\u00fcfen<\/span><\/span><\/h2><div class=\"w-text us_custom_a208e6a3 has_text_color\"><span class=\"w-text-h\"><span class=\"w-text-value\">Checke die Verf\u00fcgbarkeit und buche deinen Aufenthalt auf deiner bevorzugten Plattform.<\/span><\/span><\/div><div class=\"w-separator size_custom\" style=\"height:30px\"><\/div><div class=\"g-cols wpb_row via_grid cols_1 laptops-cols_inherit tablets-cols_inherit mobiles-cols_1 valign_top type_default stacking_default\" style=\"--gap:3rem;\"><div class=\"wpb_column vc_column_container\"><div class=\"vc_column-inner\"><div class=\"w-hwrapper valign_top wrap stack_on_mobiles default_align_left laptops_align_left tablets_align_left mobiles_align_center\" style=\"--hwrapper-gap:1rem\"><div class=\"w-btn-wrapper align_none\"><a class=\"w-btn us-btn-style_3 us_custom_8ccd0000 my-contact\" target=\"_blank\" rel=\"nofollow\" href=\"https:\/\/checkout.lodgify.com\/v2\/de\/wolfhytten\/reservation?propertyId=555873\"><span class=\"w-btn-label\">Direktbuchung<\/span><\/a><\/div><div class=\"w-btn-wrapper align_none hide_on_default hide_on_laptops hide_on_tablets hide_on_mobiles\"><a class=\"w-btn us-btn-style_3 us_custom_793b1f5f my-contact\" target=\"_blank\" rel=\"nofollow\" href=\"https:\/\/www.fewo-direkt.de\"><span class=\"w-btn-label\">FeWo-direkt<\/span><\/a><\/div><div class=\"w-btn-wrapper align_none hide_on_default hide_on_laptops hide_on_tablets hide_on_mobiles\"><a class=\"w-btn us-btn-style_3 us_custom_5606d7f4 my-contact\" target=\"_blank\" rel=\"nofollow\" href=\"https:\/\/www.booking.com\"><span class=\"w-btn-label\">Booking.com<\/span><\/a><\/div><div class=\"w-btn-wrapper align_none\"><a class=\"w-btn us-btn-style_3 us_custom_1a0e992a my-contact\" target=\"_blank\" rel=\"nofollow\" href=\"https:\/\/airbnb.com\/h\/wolfhytten\"><span class=\"w-btn-label\">Airbnb<\/span><\/a><\/div><\/div><\/div><\/div><\/div><\/div><\/div><div class=\"wpb_column vc_column_container us_custom_91c70565 has_bg_color\"><div class=\"vc_column-inner\"><\/div><\/div><\/div><\/div><\/section>\n<\/div><\/div><\/div><\/div><\/section>\n","protected":false},"excerpt":{"rendered":"AnreiseEntdecke die besten M\u00f6glichkeiten, nach S\u00fcdnorwegen zu reisenEs gibt mehrere bequeme Reisem\u00f6glichkeiten, um Vr\u00e5dal, Norwegen, zu erreichen. Du kannst mit dem Auto fahren, eine F\u00e4hre nehmen oder dich f\u00fcr einen Flug entscheiden. Beachte jede dieser M\u00f6glichkeiten, um deine Reise nach Norwegen zu planen. Die beliebtesten Routen beinhalten oft eine F\u00e4hr\u00fcberfahrt. Wenn du alternative Routen ohne...","protected":false},"author":1,"featured_media":2567,"parent":0,"menu_order":0,"comment_status":"closed","ping_status":"closed","template":"","meta":{"_acf_changed":false,"footnotes":""},"class_list":["post-409","page","type-page","status-publish","has-post-thumbnail","hentry"],"acf":[],"yoast_head":"<!-- This site is optimized with the Yoast SEO plugin v27.3 - https:\/\/yoast.com\/product\/yoast-seo-wordpress\/ -->\n<title>Erkunde die Reisem\u00f6glichkeiten nach S\u00fcdnorwegen - Plane deine Reise<\/title>\n<meta name=\"description\" content=\"Entdecke die besten Routen, um S\u00fcdnorwegen und unsere H\u00fctte Wolfhytten in Vr\u00e5dal zu erreichen. W\u00e4hle zwischen Auto-, F\u00e4hr- oder Flugreisen.\" \/>\n<meta name=\"robots\" content=\"index, follow, max-snippet:-1, max-image-preview:large, max-video-preview:-1\" \/>\n<link rel=\"canonical\" href=\"https:\/\/wolfhytten.info\/de\/wegbeschreibung\/\" \/>\n<meta property=\"og:locale\" content=\"de_DE\" \/>\n<meta property=\"og:type\" content=\"article\" \/>\n<meta property=\"og:title\" content=\"Erkunde die Reisem\u00f6glichkeiten nach S\u00fcdnorwegen - Plane deine Reise\" \/>\n<meta property=\"og:description\" content=\"Entdecke die besten Routen, um S\u00fcdnorwegen und unsere H\u00fctte Wolfhytten in Vr\u00e5dal zu erreichen. W\u00e4hle zwischen Auto-, F\u00e4hr- oder Flugreisen.\" \/>\n<meta property=\"og:url\" content=\"https:\/\/wolfhytten.info\/de\/wegbeschreibung\/\" \/>\n<meta property=\"og:site_name\" content=\"Wolfhytten\" \/>\n<meta property=\"article:modified_time\" content=\"2024-03-22T20:56:46+00:00\" \/>\n<meta property=\"og:image\" content=\"https:\/\/wolfhytten.info\/wp-content\/uploads\/2023\/09\/oeresund_bridge_sea.jpg\" \/>\n\t<meta property=\"og:image:width\" content=\"1000\" \/>\n\t<meta property=\"og:image:height\" content=\"696\" \/>\n\t<meta property=\"og:image:type\" content=\"image\/jpeg\" \/>\n<meta name=\"twitter:card\" content=\"summary_large_image\" \/>\n<meta name=\"twitter:label1\" content=\"Gesch\u00e4tzte Lesezeit\" \/>\n\t<meta name=\"twitter:data1\" content=\"5\u00a0Minuten\" \/>\n<script type=\"application\/ld+json\" class=\"yoast-schema-graph\">{\"@context\":\"https:\\\/\\\/schema.org\",\"@graph\":[{\"@type\":\"WebPage\",\"@id\":\"https:\\\/\\\/wolfhytten.info\\\/de\\\/wegbeschreibung\\\/\",\"url\":\"https:\\\/\\\/wolfhytten.info\\\/de\\\/wegbeschreibung\\\/\",\"name\":\"Erkunde die Reisem\u00f6glichkeiten nach S\u00fcdnorwegen - Plane deine Reise\",\"isPartOf\":{\"@id\":\"https:\\\/\\\/wolfhytten.info\\\/de\\\/#website\"},\"primaryImageOfPage\":{\"@id\":\"https:\\\/\\\/wolfhytten.info\\\/de\\\/wegbeschreibung\\\/#primaryimage\"},\"image\":{\"@id\":\"https:\\\/\\\/wolfhytten.info\\\/de\\\/wegbeschreibung\\\/#primaryimage\"},\"thumbnailUrl\":\"https:\\\/\\\/wolfhytten.info\\\/wp-content\\\/uploads\\\/2023\\\/09\\\/oeresund_bridge_sea.jpg\",\"datePublished\":\"2023-04-20T18:41:37+00:00\",\"dateModified\":\"2024-03-22T20:56:46+00:00\",\"description\":\"Entdecke die besten Routen, um S\u00fcdnorwegen und unsere H\u00fctte Wolfhytten in Vr\u00e5dal zu erreichen. W\u00e4hle zwischen Auto-, F\u00e4hr- oder Flugreisen.\",\"breadcrumb\":{\"@id\":\"https:\\\/\\\/wolfhytten.info\\\/de\\\/wegbeschreibung\\\/#breadcrumb\"},\"inLanguage\":\"de\",\"potentialAction\":[{\"@type\":\"ReadAction\",\"target\":[\"https:\\\/\\\/wolfhytten.info\\\/de\\\/wegbeschreibung\\\/\"]}]},{\"@type\":\"ImageObject\",\"inLanguage\":\"de\",\"@id\":\"https:\\\/\\\/wolfhytten.info\\\/de\\\/wegbeschreibung\\\/#primaryimage\",\"url\":\"https:\\\/\\\/wolfhytten.info\\\/wp-content\\\/uploads\\\/2023\\\/09\\\/oeresund_bridge_sea.jpg\",\"contentUrl\":\"https:\\\/\\\/wolfhytten.info\\\/wp-content\\\/uploads\\\/2023\\\/09\\\/oeresund_bridge_sea.jpg\",\"width\":1000,\"height\":696,\"caption\":\"\u00d6resund Bridge Overlooking the Sea\"},{\"@type\":\"BreadcrumbList\",\"@id\":\"https:\\\/\\\/wolfhytten.info\\\/de\\\/wegbeschreibung\\\/#breadcrumb\",\"itemListElement\":[{\"@type\":\"ListItem\",\"position\":1,\"name\":\"Home\",\"item\":\"https:\\\/\\\/wolfhytten.info\\\/de\\\/startseite\\\/\"},{\"@type\":\"ListItem\",\"position\":2,\"name\":\"Anreise\"}]},{\"@type\":\"WebSite\",\"@id\":\"https:\\\/\\\/wolfhytten.info\\\/de\\\/#website\",\"url\":\"https:\\\/\\\/wolfhytten.info\\\/de\\\/\",\"name\":\"Wolfhytten - Cabin in Vr\u00e5dal\",\"description\":\"Cabin in Vr\u00e5dal\",\"publisher\":{\"@id\":\"https:\\\/\\\/wolfhytten.info\\\/de\\\/#organization\"},\"alternateName\":\"Wolfhytten\",\"potentialAction\":[{\"@type\":\"SearchAction\",\"target\":{\"@type\":\"EntryPoint\",\"urlTemplate\":\"https:\\\/\\\/wolfhytten.info\\\/de\\\/?s={search_term_string}\"},\"query-input\":{\"@type\":\"PropertyValueSpecification\",\"valueRequired\":true,\"valueName\":\"search_term_string\"}}],\"inLanguage\":\"de\"},{\"@type\":\"Organization\",\"@id\":\"https:\\\/\\\/wolfhytten.info\\\/de\\\/#organization\",\"name\":\"Wolfhytten\",\"url\":\"https:\\\/\\\/wolfhytten.info\\\/de\\\/\",\"logo\":{\"@type\":\"ImageObject\",\"inLanguage\":\"de\",\"@id\":\"https:\\\/\\\/wolfhytten.info\\\/de\\\/#\\\/schema\\\/logo\\\/image\\\/\",\"url\":\"https:\\\/\\\/wolfhytten.info\\\/wp-content\\\/uploads\\\/2022\\\/03\\\/2-wolfhytten-logo-web.png\",\"contentUrl\":\"https:\\\/\\\/wolfhytten.info\\\/wp-content\\\/uploads\\\/2022\\\/03\\\/2-wolfhytten-logo-web.png\",\"width\":500,\"height\":231,\"caption\":\"Wolfhytten\"},\"image\":{\"@id\":\"https:\\\/\\\/wolfhytten.info\\\/de\\\/#\\\/schema\\\/logo\\\/image\\\/\"},\"sameAs\":[\"https:\\\/\\\/www.instagram.com\\\/wolfhytten\\\/\"]}]}<\/script>\n<!-- \/ Yoast SEO plugin. -->","yoast_head_json":{"title":"Erkunde die Reisem\u00f6glichkeiten nach S\u00fcdnorwegen - Plane deine Reise","description":"Entdecke die besten Routen, um S\u00fcdnorwegen und unsere H\u00fctte Wolfhytten in Vr\u00e5dal zu erreichen. W\u00e4hle zwischen Auto-, F\u00e4hr- oder Flugreisen.","robots":{"index":"index","follow":"follow","max-snippet":"max-snippet:-1","max-image-preview":"max-image-preview:large","max-video-preview":"max-video-preview:-1"},"canonical":"https:\/\/wolfhytten.info\/de\/wegbeschreibung\/","og_locale":"de_DE","og_type":"article","og_title":"Erkunde die Reisem\u00f6glichkeiten nach S\u00fcdnorwegen - Plane deine Reise","og_description":"Entdecke die besten Routen, um S\u00fcdnorwegen und unsere H\u00fctte Wolfhytten in Vr\u00e5dal zu erreichen. W\u00e4hle zwischen Auto-, F\u00e4hr- oder Flugreisen.","og_url":"https:\/\/wolfhytten.info\/de\/wegbeschreibung\/","og_site_name":"Wolfhytten","article_modified_time":"2024-03-22T20:56:46+00:00","og_image":[{"width":1000,"height":696,"url":"https:\/\/wolfhytten.info\/wp-content\/uploads\/2023\/09\/oeresund_bridge_sea.jpg","type":"image\/jpeg"}],"twitter_card":"summary_large_image","twitter_misc":{"Gesch\u00e4tzte Lesezeit":"5\u00a0Minuten"},"schema":{"@context":"https:\/\/schema.org","@graph":[{"@type":"WebPage","@id":"https:\/\/wolfhytten.info\/de\/wegbeschreibung\/","url":"https:\/\/wolfhytten.info\/de\/wegbeschreibung\/","name":"Erkunde die Reisem\u00f6glichkeiten nach S\u00fcdnorwegen - Plane deine Reise","isPartOf":{"@id":"https:\/\/wolfhytten.info\/de\/#website"},"primaryImageOfPage":{"@id":"https:\/\/wolfhytten.info\/de\/wegbeschreibung\/#primaryimage"},"image":{"@id":"https:\/\/wolfhytten.info\/de\/wegbeschreibung\/#primaryimage"},"thumbnailUrl":"https:\/\/wolfhytten.info\/wp-content\/uploads\/2023\/09\/oeresund_bridge_sea.jpg","datePublished":"2023-04-20T18:41:37+00:00","dateModified":"2024-03-22T20:56:46+00:00","description":"Entdecke die besten Routen, um S\u00fcdnorwegen und unsere H\u00fctte Wolfhytten in Vr\u00e5dal zu erreichen. W\u00e4hle zwischen Auto-, F\u00e4hr- oder Flugreisen.","breadcrumb":{"@id":"https:\/\/wolfhytten.info\/de\/wegbeschreibung\/#breadcrumb"},"inLanguage":"de","potentialAction":[{"@type":"ReadAction","target":["https:\/\/wolfhytten.info\/de\/wegbeschreibung\/"]}]},{"@type":"ImageObject","inLanguage":"de","@id":"https:\/\/wolfhytten.info\/de\/wegbeschreibung\/#primaryimage","url":"https:\/\/wolfhytten.info\/wp-content\/uploads\/2023\/09\/oeresund_bridge_sea.jpg","contentUrl":"https:\/\/wolfhytten.info\/wp-content\/uploads\/2023\/09\/oeresund_bridge_sea.jpg","width":1000,"height":696,"caption":"\u00d6resund Bridge Overlooking the Sea"},{"@type":"BreadcrumbList","@id":"https:\/\/wolfhytten.info\/de\/wegbeschreibung\/#breadcrumb","itemListElement":[{"@type":"ListItem","position":1,"name":"Home","item":"https:\/\/wolfhytten.info\/de\/startseite\/"},{"@type":"ListItem","position":2,"name":"Anreise"}]},{"@type":"WebSite","@id":"https:\/\/wolfhytten.info\/de\/#website","url":"https:\/\/wolfhytten.info\/de\/","name":"Wolfhytten - Cabin in Vr\u00e5dal","description":"Cabin in Vr\u00e5dal","publisher":{"@id":"https:\/\/wolfhytten.info\/de\/#organization"},"alternateName":"Wolfhytten","potentialAction":[{"@type":"SearchAction","target":{"@type":"EntryPoint","urlTemplate":"https:\/\/wolfhytten.info\/de\/?s={search_term_string}"},"query-input":{"@type":"PropertyValueSpecification","valueRequired":true,"valueName":"search_term_string"}}],"inLanguage":"de"},{"@type":"Organization","@id":"https:\/\/wolfhytten.info\/de\/#organization","name":"Wolfhytten","url":"https:\/\/wolfhytten.info\/de\/","logo":{"@type":"ImageObject","inLanguage":"de","@id":"https:\/\/wolfhytten.info\/de\/#\/schema\/logo\/image\/","url":"https:\/\/wolfhytten.info\/wp-content\/uploads\/2022\/03\/2-wolfhytten-logo-web.png","contentUrl":"https:\/\/wolfhytten.info\/wp-content\/uploads\/2022\/03\/2-wolfhytten-logo-web.png","width":500,"height":231,"caption":"Wolfhytten"},"image":{"@id":"https:\/\/wolfhytten.info\/de\/#\/schema\/logo\/image\/"},"sameAs":["https:\/\/www.instagram.com\/wolfhytten\/"]}]}},"_links":{"self":[{"href":"https:\/\/wolfhytten.info\/de\/wp-json\/wp\/v2\/pages\/409","targetHints":{"allow":["GET"]}}],"collection":[{"href":"https:\/\/wolfhytten.info\/de\/wp-json\/wp\/v2\/pages"}],"about":[{"href":"https:\/\/wolfhytten.info\/de\/wp-json\/wp\/v2\/types\/page"}],"author":[{"embeddable":true,"href":"https:\/\/wolfhytten.info\/de\/wp-json\/wp\/v2\/users\/1"}],"replies":[{"embeddable":true,"href":"https:\/\/wolfhytten.info\/de\/wp-json\/wp\/v2\/comments?post=409"}],"version-history":[{"count":10,"href":"https:\/\/wolfhytten.info\/de\/wp-json\/wp\/v2\/pages\/409\/revisions"}],"predecessor-version":[{"id":4195,"href":"https:\/\/wolfhytten.info\/de\/wp-json\/wp\/v2\/pages\/409\/revisions\/4195"}],"wp:featuredmedia":[{"embeddable":true,"href":"https:\/\/wolfhytten.info\/de\/wp-json\/wp\/v2\/media\/2567"}],"wp:attachment":[{"href":"https:\/\/wolfhytten.info\/de\/wp-json\/wp\/v2\/media?parent=409"}],"curies":[{"name":"wp","href":"https:\/\/api.w.org\/{rel}","templated":true}]}}