{"id":410,"date":"2023-04-19T20:19:34","date_gmt":"2023-04-19T18:19:34","guid":{"rendered":"https:\/\/wolfhytten.info\/datenschutz\/"},"modified":"2024-05-01T17:15:16","modified_gmt":"2024-05-01T15:15:16","slug":"datenschutz","status":"publish","type":"page","link":"https:\/\/wolfhytten.info\/de\/datenschutz\/","title":{"rendered":"Datenschutzerkl\u00e4rung"},"content":{"rendered":"<section class=\"l-section wpb_row height_auto\"><div class=\"l-section-h i-cf\"><div class=\"g-cols vc_row via_grid cols_1 laptops-cols_inherit tablets-cols_inherit mobiles-cols_1 valign_top type_default stacking_default\"><div class=\"wpb_column vc_column_container us_custom_853b5d25 has_bg_color\"><div class=\"vc_column-inner\"><h1 class=\"w-post-elm post_title us_custom_836f727b has_text_color align_center entry-title color_link_inherit\">Datenschutzerkl\u00e4rung<\/h1><\/div><\/div><\/div><\/div><\/section><section class=\"l-section wpb_row height_custom\"><div class=\"l-section-h i-cf\"><div class=\"g-cols vc_row via_grid cols_1 laptops-cols_inherit tablets-cols_inherit mobiles-cols_1 valign_top type_default stacking_default\"><div class=\"wpb_column vc_column_container\"><div class=\"vc_column-inner\"><time class=\"w-post-elm post_date entry-date updated\" datetime=\"2024-05-01T17:15:16+02:00\" itemprop=\"dateModified\"><span class=\"w-post-elm-before\">Zuletzt aktualisiert am <\/span>1. Mai 2024<\/time><div class=\"wpb_text_column\"><div class=\"wpb_wrapper\"><h2>1. Verantwortliche Stelle<\/h2>\n<p>Verantwortlich f\u00fcr die Datenverarbeitung auf dieser Website ist:<\/p>\n<p>Yannick Wolf<br \/>\nHolsteiner Chaussee 171<br \/>\n22457 Hamburg<br \/>\nDeutschland<br \/>\nhei (at) wolfhytten.info<br \/>\n+49 15679 285006<\/p>\n<h2>2. Hosting<\/h2>\n<p>Diese Website wird gehostet von ALL-INKL.COM \u2013 Neue Medien M\u00fcnnich, Inh. Ren\u00e9 M\u00fcnnich, Hauptstra\u00dfe 68, 02742 Friedersdorf. Weitere Informationen zur Datenverarbeitung durch den Hosting-Anbieter findest Du in deren <a href=\"\" target=\"\" rel=\"noopener\">Datenschutzerkl\u00e4rung<\/a>.  <\/p>\n<h2>3. Auftragsverarbeitungsvertrag (AVV)<\/h2>\n<p>Wir haben einen Auftragsverarbeitungsvertrag (AVV) mit ALL-INKL.COM abgeschlossen, um die rechtm\u00e4\u00dfige Verarbeitung personenbezogener Daten in unserem Auftrag sicherzustellen.<\/p>\n<h2>4. SSL-Verschl\u00fcsselung<\/h2>\n<p>Diese Website verwendet eine SSL-Verschl\u00fcsselung, um die \u00dcbertragung sensibler Daten zu sichern.<\/p>\n<h2>5. Cookies<\/h2>\n<p>Diese Website versucht, die Verwendung von Cookies zu minimieren. Einige Cookies sind jedoch f\u00fcr die ordnungsgem\u00e4\u00dfe Funktion der Website notwendig. Wir verwenden Cookies, die von WPML bereitgestellt werden, um die Spracheinstellungen auszuw\u00e4hlen, die von den Benutzern gew\u00e4hlt wurden. Ohne diese Cookies k\u00f6nnte die Website die ausgew\u00e4hlte Sprache vergessen, was es den Benutzern unm\u00f6glich macht, die Seite in ihrer bevorzugten Sprache zu nutzen.   <\/p>\n<p>Wenn Du unsere Website nutzt, stimmst Du der Verwendung dieser notwendigen Cookies zu. Du kannst die Cookie-Einstellungen in Deinem Browser \u00e4ndern, aber bitte beachte, dass einige Funktionen der Website m\u00f6glicherweise nicht ordnungsgem\u00e4\u00df funktionieren, wenn Cookies deaktiviert sind. <\/p>\n<p>Wir verwenden keine Tracking- oder Marketing-Cookies auf dieser Website. Wir betreiben keinerlei Benutzer-Tracking oder Verhaltensanalyse f\u00fcr Marketingzwecke. <\/p>\n<h2>6. Deine Rechte<\/h2>\n<p>Du hast das Recht dazu:<\/p>\n<ul>\n<li>Auskunft \u00fcber Deine bei uns gespeicherten personenbezogenen Daten zu erhalten<\/li>\n<li>Unrichtige personenbezogene Daten berichtigen zu lassen<\/li>\n<li>Deine personenbezogenen Daten l\u00f6schen zu lassen, sofern keine gesetzlichen Aufbewahrungspflichten entgegenstehen<\/li>\n<li>Deine Einwilligung zur Verarbeitung Deiner Daten jederzeit zu widerrufen<\/li>\n<li>Beschwerde bei der zust\u00e4ndigen Datenschutzbeh\u00f6rde einzureichen<\/li>\n<\/ul>\n<h2>7. \u00c4nderungen der Datenschutzerkl\u00e4rung<\/h2>\n<p>Wir behalten uns das Recht vor, diese Datenschutzerkl\u00e4rung zu aktualisieren. Die aktuelle Version wird auf unserer Website ver\u00f6ffentlicht.<\/p>\n<\/div><\/div><\/div><\/div><\/div><\/div><\/section>\n","protected":false},"excerpt":{"rendered":"Datenschutzerkl\u00e4rungZuletzt aktualisiert am 1. Mai 20241. Verantwortliche Stelle Verantwortlich f\u00fcr die Datenverarbeitung auf dieser Website ist: Yannick Wolf Holsteiner Chaussee 171 22457 Hamburg Deutschland hei (at) wolfhytten.info +49 15679 285006 2. Hosting Diese Website wird gehostet von ALL-INKL.COM \u2013 Neue Medien M\u00fcnnich, Inh. Ren\u00e9 M\u00fcnnich, Hauptstra\u00dfe 68, 02742 Friedersdorf. Weitere Informationen zur Datenverarbeitung durch den...","protected":false},"author":1,"featured_media":0,"parent":0,"menu_order":0,"comment_status":"closed","ping_status":"closed","template":"","meta":{"_acf_changed":false,"footnotes":""},"class_list":["post-410","page","type-page","status-publish","hentry"],"acf":[],"yoast_head":"<!-- This site is optimized with the Yoast SEO plugin v27.4 - https:\/\/yoast.com\/product\/yoast-seo-wordpress\/ -->\n<title>Datenschutzerkl\u00e4rung | Wolfhytten<\/title>\n<meta name=\"robots\" content=\"index, follow, max-snippet:-1, max-image-preview:large, max-video-preview:-1\" \/>\n<link rel=\"canonical\" href=\"https:\/\/wolfhytten.info\/de\/datenschutz\/\" \/>\n<meta property=\"og:locale\" content=\"de_DE\" \/>\n<meta property=\"og:type\" content=\"article\" \/>\n<meta property=\"og:title\" content=\"Datenschutzerkl\u00e4rung | Wolfhytten\" \/>\n<meta property=\"og:url\" content=\"https:\/\/wolfhytten.info\/de\/datenschutz\/\" \/>\n<meta property=\"og:site_name\" content=\"Wolfhytten\" \/>\n<meta property=\"article:modified_time\" content=\"2024-05-01T15:15:16+00:00\" \/>\n<meta property=\"og:image\" content=\"https:\/\/wolfhytten.info\/wp-content\/uploads\/2023\/12\/view-in-valley-snow-sunset-vradal-panorama.jpg\" \/>\n\t<meta property=\"og:image:width\" content=\"1280\" \/>\n\t<meta property=\"og:image:height\" content=\"720\" \/>\n\t<meta property=\"og:image:type\" content=\"image\/jpeg\" \/>\n<meta name=\"twitter:card\" content=\"summary_large_image\" \/>\n<meta name=\"twitter:label1\" content=\"Gesch\u00e4tzte Lesezeit\" \/>\n\t<meta name=\"twitter:data1\" content=\"2\u00a0Minuten\" \/>\n<script type=\"application\/ld+json\" class=\"yoast-schema-graph\">{\"@context\":\"https:\\\/\\\/schema.org\",\"@graph\":[{\"@type\":\"WebPage\",\"@id\":\"https:\\\/\\\/wolfhytten.info\\\/de\\\/datenschutz\\\/\",\"url\":\"https:\\\/\\\/wolfhytten.info\\\/de\\\/datenschutz\\\/\",\"name\":\"Datenschutzerkl\u00e4rung | Wolfhytten\",\"isPartOf\":{\"@id\":\"https:\\\/\\\/wolfhytten.info\\\/de\\\/#website\"},\"datePublished\":\"2023-04-19T18:19:34+00:00\",\"dateModified\":\"2024-05-01T15:15:16+00:00\",\"breadcrumb\":{\"@id\":\"https:\\\/\\\/wolfhytten.info\\\/de\\\/datenschutz\\\/#breadcrumb\"},\"inLanguage\":\"de\",\"potentialAction\":[{\"@type\":\"ReadAction\",\"target\":[\"https:\\\/\\\/wolfhytten.info\\\/de\\\/datenschutz\\\/\"]}]},{\"@type\":\"BreadcrumbList\",\"@id\":\"https:\\\/\\\/wolfhytten.info\\\/de\\\/datenschutz\\\/#breadcrumb\",\"itemListElement\":[{\"@type\":\"ListItem\",\"position\":1,\"name\":\"Home\",\"item\":\"https:\\\/\\\/wolfhytten.info\\\/de\\\/startseite\\\/\"},{\"@type\":\"ListItem\",\"position\":2,\"name\":\"Datenschutzerkl\u00e4rung\"}]},{\"@type\":\"WebSite\",\"@id\":\"https:\\\/\\\/wolfhytten.info\\\/de\\\/#website\",\"url\":\"https:\\\/\\\/wolfhytten.info\\\/de\\\/\",\"name\":\"Wolfhytten - Cabin in Vr\u00e5dal\",\"description\":\"Cabin in Vr\u00e5dal\",\"publisher\":{\"@id\":\"https:\\\/\\\/wolfhytten.info\\\/de\\\/#organization\"},\"alternateName\":\"Wolfhytten\",\"potentialAction\":[{\"@type\":\"SearchAction\",\"target\":{\"@type\":\"EntryPoint\",\"urlTemplate\":\"https:\\\/\\\/wolfhytten.info\\\/de\\\/?s={search_term_string}\"},\"query-input\":{\"@type\":\"PropertyValueSpecification\",\"valueRequired\":true,\"valueName\":\"search_term_string\"}}],\"inLanguage\":\"de\"},{\"@type\":\"Organization\",\"@id\":\"https:\\\/\\\/wolfhytten.info\\\/de\\\/#organization\",\"name\":\"Wolfhytten\",\"url\":\"https:\\\/\\\/wolfhytten.info\\\/de\\\/\",\"logo\":{\"@type\":\"ImageObject\",\"inLanguage\":\"de\",\"@id\":\"https:\\\/\\\/wolfhytten.info\\\/de\\\/#\\\/schema\\\/logo\\\/image\\\/\",\"url\":\"https:\\\/\\\/wolfhytten.info\\\/wp-content\\\/uploads\\\/2022\\\/03\\\/2-wolfhytten-logo-web.png\",\"contentUrl\":\"https:\\\/\\\/wolfhytten.info\\\/wp-content\\\/uploads\\\/2022\\\/03\\\/2-wolfhytten-logo-web.png\",\"width\":500,\"height\":231,\"caption\":\"Wolfhytten\"},\"image\":{\"@id\":\"https:\\\/\\\/wolfhytten.info\\\/de\\\/#\\\/schema\\\/logo\\\/image\\\/\"},\"sameAs\":[\"https:\\\/\\\/www.instagram.com\\\/wolfhytten\\\/\"]}]}<\/script>\n<!-- \/ Yoast SEO plugin. -->","yoast_head_json":{"title":"Datenschutzerkl\u00e4rung | Wolfhytten","robots":{"index":"index","follow":"follow","max-snippet":"max-snippet:-1","max-image-preview":"max-image-preview:large","max-video-preview":"max-video-preview:-1"},"canonical":"https:\/\/wolfhytten.info\/de\/datenschutz\/","og_locale":"de_DE","og_type":"article","og_title":"Datenschutzerkl\u00e4rung | Wolfhytten","og_url":"https:\/\/wolfhytten.info\/de\/datenschutz\/","og_site_name":"Wolfhytten","article_modified_time":"2024-05-01T15:15:16+00:00","og_image":[{"width":1280,"height":720,"url":"https:\/\/wolfhytten.info\/wp-content\/uploads\/2023\/12\/view-in-valley-snow-sunset-vradal-panorama.jpg","type":"image\/jpeg"}],"twitter_card":"summary_large_image","twitter_misc":{"Gesch\u00e4tzte Lesezeit":"2\u00a0Minuten"},"schema":{"@context":"https:\/\/schema.org","@graph":[{"@type":"WebPage","@id":"https:\/\/wolfhytten.info\/de\/datenschutz\/","url":"https:\/\/wolfhytten.info\/de\/datenschutz\/","name":"Datenschutzerkl\u00e4rung | Wolfhytten","isPartOf":{"@id":"https:\/\/wolfhytten.info\/de\/#website"},"datePublished":"2023-04-19T18:19:34+00:00","dateModified":"2024-05-01T15:15:16+00:00","breadcrumb":{"@id":"https:\/\/wolfhytten.info\/de\/datenschutz\/#breadcrumb"},"inLanguage":"de","potentialAction":[{"@type":"ReadAction","target":["https:\/\/wolfhytten.info\/de\/datenschutz\/"]}]},{"@type":"BreadcrumbList","@id":"https:\/\/wolfhytten.info\/de\/datenschutz\/#breadcrumb","itemListElement":[{"@type":"ListItem","position":1,"name":"Home","item":"https:\/\/wolfhytten.info\/de\/startseite\/"},{"@type":"ListItem","position":2,"name":"Datenschutzerkl\u00e4rung"}]},{"@type":"WebSite","@id":"https:\/\/wolfhytten.info\/de\/#website","url":"https:\/\/wolfhytten.info\/de\/","name":"Wolfhytten - Cabin in Vr\u00e5dal","description":"Cabin in Vr\u00e5dal","publisher":{"@id":"https:\/\/wolfhytten.info\/de\/#organization"},"alternateName":"Wolfhytten","potentialAction":[{"@type":"SearchAction","target":{"@type":"EntryPoint","urlTemplate":"https:\/\/wolfhytten.info\/de\/?s={search_term_string}"},"query-input":{"@type":"PropertyValueSpecification","valueRequired":true,"valueName":"search_term_string"}}],"inLanguage":"de"},{"@type":"Organization","@id":"https:\/\/wolfhytten.info\/de\/#organization","name":"Wolfhytten","url":"https:\/\/wolfhytten.info\/de\/","logo":{"@type":"ImageObject","inLanguage":"de","@id":"https:\/\/wolfhytten.info\/de\/#\/schema\/logo\/image\/","url":"https:\/\/wolfhytten.info\/wp-content\/uploads\/2022\/03\/2-wolfhytten-logo-web.png","contentUrl":"https:\/\/wolfhytten.info\/wp-content\/uploads\/2022\/03\/2-wolfhytten-logo-web.png","width":500,"height":231,"caption":"Wolfhytten"},"image":{"@id":"https:\/\/wolfhytten.info\/de\/#\/schema\/logo\/image\/"},"sameAs":["https:\/\/www.instagram.com\/wolfhytten\/"]}]}},"_links":{"self":[{"href":"https:\/\/wolfhytten.info\/de\/wp-json\/wp\/v2\/pages\/410","targetHints":{"allow":["GET"]}}],"collection":[{"href":"https:\/\/wolfhytten.info\/de\/wp-json\/wp\/v2\/pages"}],"about":[{"href":"https:\/\/wolfhytten.info\/de\/wp-json\/wp\/v2\/types\/page"}],"author":[{"embeddable":true,"href":"https:\/\/wolfhytten.info\/de\/wp-json\/wp\/v2\/users\/1"}],"replies":[{"embeddable":true,"href":"https:\/\/wolfhytten.info\/de\/wp-json\/wp\/v2\/comments?post=410"}],"version-history":[{"count":10,"href":"https:\/\/wolfhytten.info\/de\/wp-json\/wp\/v2\/pages\/410\/revisions"}],"predecessor-version":[{"id":4899,"href":"https:\/\/wolfhytten.info\/de\/wp-json\/wp\/v2\/pages\/410\/revisions\/4899"}],"wp:attachment":[{"href":"https:\/\/wolfhytten.info\/de\/wp-json\/wp\/v2\/media?parent=410"}],"curies":[{"name":"wp","href":"https:\/\/api.w.org\/{rel}","templated":true}]}}