{"id":844,"date":"2023-04-19T20:19:34","date_gmt":"2023-04-19T18:19:34","guid":{"rendered":"https:\/\/wolfhytten.info\/personvern-for-data\/"},"modified":"2024-05-01T17:15:16","modified_gmt":"2024-05-01T15:15:16","slug":"data-beskyttelse","status":"publish","type":"page","link":"https:\/\/wolfhytten.info\/no\/data-beskyttelse\/","title":{"rendered":"Personvernerkl\u00e6ring"},"content":{"rendered":"<section class=\"l-section wpb_row height_auto\"><div class=\"l-section-h i-cf\"><div class=\"g-cols vc_row via_grid cols_1 laptops-cols_inherit tablets-cols_inherit mobiles-cols_1 valign_top type_default stacking_default\"><div class=\"wpb_column vc_column_container us_custom_853b5d25 has_bg_color\"><div class=\"vc_column-inner\"><h1 class=\"w-post-elm post_title us_custom_836f727b has_text_color align_center entry-title color_link_inherit\">Personvernerkl\u00e6ring<\/h1><\/div><\/div><\/div><\/div><\/section><section class=\"l-section wpb_row height_custom\"><div class=\"l-section-h i-cf\"><div class=\"g-cols vc_row via_grid cols_1 laptops-cols_inherit tablets-cols_inherit mobiles-cols_1 valign_top type_default stacking_default\"><div class=\"wpb_column vc_column_container\"><div class=\"vc_column-inner\"><time class=\"w-post-elm post_date entry-date updated\" datetime=\"2024-05-01T17:15:16+02:00\" itemprop=\"dateModified\"><span class=\"w-post-elm-before\">Sist oppdatert den <\/span>1. mai 2024<\/time><div class=\"wpb_text_column\"><div class=\"wpb_wrapper\"><h2>1. Datakontroll\u00f8r<\/h2>\n<p>Behandlingsansvarlig for denne nettsiden er:<\/p>\n<p>Yannick Wolf<br \/>\nHolsteiner Chaussee 171<br \/>\n22457 Hamburg<br \/>\nTyskland<br \/>\nhei (at) wolfhytten.info<br \/>\n+49 15679 285006<\/p>\n<h2>2. Hosting<\/h2>\n<p>Dette nettstedet hostes av ALL-INKL.COM \u2013 Neue Medien M\u00fcnnich, Inh. Ren\u00e9 M\u00fcnnich, Hauptstra\u00dfe 68, 02742 Friedersdorf. For mer informasjon om databehandlingen utf\u00f8rt av hosting-leverand\u00f8ren, se deres <a href=\"\" target=\"\" rel=\"noopener\">personvernerkl\u00e6ring<\/a>.  <\/p>\n<h2>3. Databehandleravtale (DPA)<\/h2>\n<p>Vi har inng\u00e5tt en databehandleravtale (DPA) med ALL-INKL.COM for \u00e5 sikre lovlig behandling av personopplysninger p\u00e5 v\u00e5re vegne.<\/p>\n<h2>4. SSL-kryptering<\/h2>\n<p>Denne nettsiden bruker SSL-kryptering for \u00e5 sikre overf\u00f8ring av sensitive data.<\/p>\n<h2>5. Informasjonskapsler<\/h2>\n<p>Vi pr\u00f8ver \u00e5 begrense bruken av informasjonskapsler p\u00e5 dette nettstedet. Imidlertid er visse informasjonskapsler n\u00f8dvendige for at nettstedet skal fungere ordentlig. Vi bruker informasjonskapsler som tilbys av WPML for \u00e5 lagre spr\u00e5kpreferanser valgt av brukere. Uten disse informasjonskapslene kan nettstedet glemme det valgte spr\u00e5ket, noe som gj\u00f8r det umulig for brukere \u00e5 bruke siden p\u00e5 sitt foretrukne spr\u00e5k.   <\/p>\n<p>Ved \u00e5 bruke nettstedet v\u00e5rt, samtykker du til bruken av disse n\u00f8dvendige informasjonskapslene. Du kan endre informasjonskapselinnstillingene i nettleseren din, men v\u00e6r oppmerksom p\u00e5 at noen funksjoner p\u00e5 nettstedet kanskje ikke fungerer ordentlig hvis informasjonskapsler deaktiveres. <\/p>\n<p>Vi bruker ikke sporing- eller markedsf\u00f8ringsinformasjonskapsler p\u00e5 dette nettstedet. Vi driver ikke med brukersporing eller adferdsanalyse for markedsf\u00f8ringsform\u00e5l. <\/p>\n<h2>6. Dine rettigheter<\/h2>\n<p>Du har rett til \u00e5:<\/p>\n<ul>\n<li>F\u00e5 informasjon om personopplysningene dine som er lagret hos oss<\/li>\n<li>F\u00e5 uriktige personopplysninger korrigert<\/li>\n<li>F\u00e5 personopplysningene dine slettet, med mindre det er lovp\u00e5lagt \u00e5 beholde dem<\/li>\n<li>Trekke tilbake samtykke til behandling av dine data n\u00e5r som helst<\/li>\n<li>Klage til den relevante datatilsynet<\/li>\n<\/ul>\n<h2>7. Endringer i personvernerkl\u00e6ringen<\/h2>\n<p>Vi forbeholder oss retten til \u00e5 oppdatere denne personvernerkl\u00e6ringen. Den nyeste versjonen vil bli tilgjengelig p\u00e5 nettstedet v\u00e5rt.<\/p>\n<\/div><\/div><\/div><\/div><\/div><\/div><\/section>\n","protected":false},"excerpt":{"rendered":"Personvernerkl\u00e6ringSist oppdatert den 1. mai 20241. Datakontroll\u00f8r Behandlingsansvarlig for denne nettsiden er: Yannick Wolf Holsteiner Chaussee 171 22457 Hamburg Tyskland hei (at) wolfhytten.info +49 15679 285006 2. Hosting Dette nettstedet hostes av ALL-INKL.COM \u2013 Neue Medien M\u00fcnnich, Inh. Ren\u00e9 M\u00fcnnich, Hauptstra\u00dfe 68, 02742 Friedersdorf. For mer informasjon om databehandlingen utf\u00f8rt av hosting-leverand\u00f8ren, se deres personvernerkl\u00e6ring....","protected":false},"author":1,"featured_media":0,"parent":0,"menu_order":0,"comment_status":"closed","ping_status":"closed","template":"","meta":{"_acf_changed":false,"footnotes":""},"class_list":["post-844","page","type-page","status-publish","hentry"],"acf":[],"yoast_head":"<!-- This site is optimized with the Yoast SEO plugin v27.3 - https:\/\/yoast.com\/product\/yoast-seo-wordpress\/ -->\n<title>Personvernerkl\u00e6ring | Wolfhytten<\/title>\n<meta name=\"robots\" content=\"index, follow, max-snippet:-1, max-image-preview:large, max-video-preview:-1\" \/>\n<link rel=\"canonical\" href=\"https:\/\/wolfhytten.info\/no\/data-beskyttelse\/\" \/>\n<meta property=\"og:locale\" content=\"nb_NO\" \/>\n<meta property=\"og:type\" content=\"article\" \/>\n<meta property=\"og:title\" content=\"Personvernerkl\u00e6ring | Wolfhytten\" \/>\n<meta property=\"og:url\" content=\"https:\/\/wolfhytten.info\/no\/data-beskyttelse\/\" \/>\n<meta property=\"og:site_name\" content=\"Wolfhytten\" \/>\n<meta property=\"article:modified_time\" content=\"2024-05-01T15:15:16+00:00\" \/>\n<meta property=\"og:image\" content=\"https:\/\/wolfhytten.info\/wp-content\/uploads\/2023\/12\/view-in-valley-snow-sunset-vradal-panorama.jpg\" \/>\n\t<meta property=\"og:image:width\" content=\"1280\" \/>\n\t<meta property=\"og:image:height\" content=\"720\" \/>\n\t<meta property=\"og:image:type\" content=\"image\/jpeg\" \/>\n<meta name=\"twitter:card\" content=\"summary_large_image\" \/>\n<meta name=\"twitter:label1\" content=\"Ansl. lesetid\" \/>\n\t<meta name=\"twitter:data1\" content=\"2 minutter\" \/>\n<script type=\"application\/ld+json\" class=\"yoast-schema-graph\">{\"@context\":\"https:\\\/\\\/schema.org\",\"@graph\":[{\"@type\":\"WebPage\",\"@id\":\"https:\\\/\\\/wolfhytten.info\\\/no\\\/data-beskyttelse\\\/\",\"url\":\"https:\\\/\\\/wolfhytten.info\\\/no\\\/data-beskyttelse\\\/\",\"name\":\"Personvernerkl\u00e6ring | Wolfhytten\",\"isPartOf\":{\"@id\":\"https:\\\/\\\/wolfhytten.info\\\/no\\\/#website\"},\"datePublished\":\"2023-04-19T18:19:34+00:00\",\"dateModified\":\"2024-05-01T15:15:16+00:00\",\"breadcrumb\":{\"@id\":\"https:\\\/\\\/wolfhytten.info\\\/no\\\/data-beskyttelse\\\/#breadcrumb\"},\"inLanguage\":\"nb-NO\",\"potentialAction\":[{\"@type\":\"ReadAction\",\"target\":[\"https:\\\/\\\/wolfhytten.info\\\/no\\\/data-beskyttelse\\\/\"]}]},{\"@type\":\"BreadcrumbList\",\"@id\":\"https:\\\/\\\/wolfhytten.info\\\/no\\\/data-beskyttelse\\\/#breadcrumb\",\"itemListElement\":[{\"@type\":\"ListItem\",\"position\":1,\"name\":\"Home\",\"item\":\"https:\\\/\\\/wolfhytten.info\\\/no\\\/hjem\\\/\"},{\"@type\":\"ListItem\",\"position\":2,\"name\":\"Personvernerkl\u00e6ring\"}]},{\"@type\":\"WebSite\",\"@id\":\"https:\\\/\\\/wolfhytten.info\\\/no\\\/#website\",\"url\":\"https:\\\/\\\/wolfhytten.info\\\/no\\\/\",\"name\":\"Wolfhytten - Cabin in Vr\u00e5dal\",\"description\":\"Cabin in Vr\u00e5dal\",\"publisher\":{\"@id\":\"https:\\\/\\\/wolfhytten.info\\\/no\\\/#organization\"},\"alternateName\":\"Wolfhytten\",\"potentialAction\":[{\"@type\":\"SearchAction\",\"target\":{\"@type\":\"EntryPoint\",\"urlTemplate\":\"https:\\\/\\\/wolfhytten.info\\\/no\\\/?s={search_term_string}\"},\"query-input\":{\"@type\":\"PropertyValueSpecification\",\"valueRequired\":true,\"valueName\":\"search_term_string\"}}],\"inLanguage\":\"nb-NO\"},{\"@type\":\"Organization\",\"@id\":\"https:\\\/\\\/wolfhytten.info\\\/no\\\/#organization\",\"name\":\"Wolfhytten\",\"url\":\"https:\\\/\\\/wolfhytten.info\\\/no\\\/\",\"logo\":{\"@type\":\"ImageObject\",\"inLanguage\":\"nb-NO\",\"@id\":\"https:\\\/\\\/wolfhytten.info\\\/no\\\/#\\\/schema\\\/logo\\\/image\\\/\",\"url\":\"https:\\\/\\\/wolfhytten.info\\\/wp-content\\\/uploads\\\/2022\\\/03\\\/2-wolfhytten-logo-web.png\",\"contentUrl\":\"https:\\\/\\\/wolfhytten.info\\\/wp-content\\\/uploads\\\/2022\\\/03\\\/2-wolfhytten-logo-web.png\",\"width\":500,\"height\":231,\"caption\":\"Wolfhytten\"},\"image\":{\"@id\":\"https:\\\/\\\/wolfhytten.info\\\/no\\\/#\\\/schema\\\/logo\\\/image\\\/\"},\"sameAs\":[\"https:\\\/\\\/www.instagram.com\\\/wolfhytten\\\/\"]}]}<\/script>\n<!-- \/ Yoast SEO plugin. -->","yoast_head_json":{"title":"Personvernerkl\u00e6ring | Wolfhytten","robots":{"index":"index","follow":"follow","max-snippet":"max-snippet:-1","max-image-preview":"max-image-preview:large","max-video-preview":"max-video-preview:-1"},"canonical":"https:\/\/wolfhytten.info\/no\/data-beskyttelse\/","og_locale":"nb_NO","og_type":"article","og_title":"Personvernerkl\u00e6ring | Wolfhytten","og_url":"https:\/\/wolfhytten.info\/no\/data-beskyttelse\/","og_site_name":"Wolfhytten","article_modified_time":"2024-05-01T15:15:16+00:00","og_image":[{"width":1280,"height":720,"url":"https:\/\/wolfhytten.info\/wp-content\/uploads\/2023\/12\/view-in-valley-snow-sunset-vradal-panorama.jpg","type":"image\/jpeg"}],"twitter_card":"summary_large_image","twitter_misc":{"Ansl. lesetid":"2 minutter"},"schema":{"@context":"https:\/\/schema.org","@graph":[{"@type":"WebPage","@id":"https:\/\/wolfhytten.info\/no\/data-beskyttelse\/","url":"https:\/\/wolfhytten.info\/no\/data-beskyttelse\/","name":"Personvernerkl\u00e6ring | Wolfhytten","isPartOf":{"@id":"https:\/\/wolfhytten.info\/no\/#website"},"datePublished":"2023-04-19T18:19:34+00:00","dateModified":"2024-05-01T15:15:16+00:00","breadcrumb":{"@id":"https:\/\/wolfhytten.info\/no\/data-beskyttelse\/#breadcrumb"},"inLanguage":"nb-NO","potentialAction":[{"@type":"ReadAction","target":["https:\/\/wolfhytten.info\/no\/data-beskyttelse\/"]}]},{"@type":"BreadcrumbList","@id":"https:\/\/wolfhytten.info\/no\/data-beskyttelse\/#breadcrumb","itemListElement":[{"@type":"ListItem","position":1,"name":"Home","item":"https:\/\/wolfhytten.info\/no\/hjem\/"},{"@type":"ListItem","position":2,"name":"Personvernerkl\u00e6ring"}]},{"@type":"WebSite","@id":"https:\/\/wolfhytten.info\/no\/#website","url":"https:\/\/wolfhytten.info\/no\/","name":"Wolfhytten - Cabin in Vr\u00e5dal","description":"Cabin in Vr\u00e5dal","publisher":{"@id":"https:\/\/wolfhytten.info\/no\/#organization"},"alternateName":"Wolfhytten","potentialAction":[{"@type":"SearchAction","target":{"@type":"EntryPoint","urlTemplate":"https:\/\/wolfhytten.info\/no\/?s={search_term_string}"},"query-input":{"@type":"PropertyValueSpecification","valueRequired":true,"valueName":"search_term_string"}}],"inLanguage":"nb-NO"},{"@type":"Organization","@id":"https:\/\/wolfhytten.info\/no\/#organization","name":"Wolfhytten","url":"https:\/\/wolfhytten.info\/no\/","logo":{"@type":"ImageObject","inLanguage":"nb-NO","@id":"https:\/\/wolfhytten.info\/no\/#\/schema\/logo\/image\/","url":"https:\/\/wolfhytten.info\/wp-content\/uploads\/2022\/03\/2-wolfhytten-logo-web.png","contentUrl":"https:\/\/wolfhytten.info\/wp-content\/uploads\/2022\/03\/2-wolfhytten-logo-web.png","width":500,"height":231,"caption":"Wolfhytten"},"image":{"@id":"https:\/\/wolfhytten.info\/no\/#\/schema\/logo\/image\/"},"sameAs":["https:\/\/www.instagram.com\/wolfhytten\/"]}]}},"_links":{"self":[{"href":"https:\/\/wolfhytten.info\/no\/wp-json\/wp\/v2\/pages\/844","targetHints":{"allow":["GET"]}}],"collection":[{"href":"https:\/\/wolfhytten.info\/no\/wp-json\/wp\/v2\/pages"}],"about":[{"href":"https:\/\/wolfhytten.info\/no\/wp-json\/wp\/v2\/types\/page"}],"author":[{"embeddable":true,"href":"https:\/\/wolfhytten.info\/no\/wp-json\/wp\/v2\/users\/1"}],"replies":[{"embeddable":true,"href":"https:\/\/wolfhytten.info\/no\/wp-json\/wp\/v2\/comments?post=844"}],"version-history":[{"count":10,"href":"https:\/\/wolfhytten.info\/no\/wp-json\/wp\/v2\/pages\/844\/revisions"}],"predecessor-version":[{"id":4900,"href":"https:\/\/wolfhytten.info\/no\/wp-json\/wp\/v2\/pages\/844\/revisions\/4900"}],"wp:attachment":[{"href":"https:\/\/wolfhytten.info\/no\/wp-json\/wp\/v2\/media?parent=844"}],"curies":[{"name":"wp","href":"https:\/\/api.w.org\/{rel}","templated":true}]}}