{"id":845,"date":"2022-03-05T12:48:39","date_gmt":"2022-03-05T11:48:39","guid":{"rendered":"https:\/\/wolfhytten.info\/kontakt\/"},"modified":"2024-05-01T17:10:12","modified_gmt":"2024-05-01T15:10:12","slug":"kontakt","status":"publish","type":"page","link":"https:\/\/wolfhytten.info\/no\/kontakt\/","title":{"rendered":"Kontakt"},"content":{"rendered":"<section class=\"l-section wpb_row height_auto\"><div class=\"l-section-h i-cf\"><div class=\"g-cols vc_row via_grid cols_1 laptops-cols_inherit tablets-cols_inherit mobiles-cols_1 valign_top type_default stacking_default\"><div class=\"wpb_column vc_column_container us_custom_853b5d25 has_bg_color\"><div class=\"vc_column-inner\"><h1 class=\"w-post-elm post_title us_custom_836f727b has_text_color align_center entry-title color_link_inherit\">Kontakt<\/h1><\/div><\/div><\/div><\/div><\/section><section class=\"l-section wpb_row us_custom_d25ddc28 height_auto\"><div class=\"l-section-h i-cf\"><div class=\"g-cols vc_row via_grid cols_2 laptops-cols_inherit tablets-cols_inherit mobiles-cols_1 valign_middle type_default reversed stacking_default\" style=\"--gap:0rem;\"><div class=\"wpb_column vc_column_container us_custom_be6258f0 has_text_color has_bg_color\"><div class=\"vc_column-inner\"><h2 class=\"w-text us_custom_84383f0b\"><span class=\"w-text-h\"><span class=\"w-text-value\">Klar til \u00e5 svare p\u00e5 sp\u00f8rsm\u00e5lene dine<\/span><\/span><\/h2><div class=\"w-text us_custom_836f727b has_text_color\"><a target=\"_blank\" href=\"tel:+49 15679 285006\" class=\"w-text-h\"><span class=\"w-text-value\">+49 15679 285006<\/span><\/a><\/div><div class=\"w-text us_custom_836f727b has_text_color\"><span target=\"_blank\" class=\"w-text-h\"><span class=\"w-text-value\">hei (at) wolfhytten.info<\/span><\/span><\/div><div class=\"w-separator size_custom\" style=\"height:30px\"><\/div><div class=\"w-btn-wrapper align_none\"><a class=\"w-btn us-btn-style_3 my-contact\" target=\"_blank\" href=\"https:\/\/wa.me\/message\/ERD5KA6LT5VKD1\"><span class=\"w-btn-label\">Hva skjer<\/span><\/a><\/div><\/div><\/div><div class=\"wpb_column vc_column_container us_custom_e841bf07 has_bg_color\"><div class=\"vc_column-inner\"><\/div><\/div><\/div><\/div><\/section><section class=\"l-section wpb_row height_custom\"><div class=\"l-section-h i-cf\"><div class=\"g-cols vc_row via_grid cols_1 laptops-cols_inherit tablets-cols_inherit mobiles-cols_1 valign_top type_default stacking_default\"><div class=\"wpb_column vc_column_container\"><div class=\"vc_column-inner\"><section class=\"l-section wpb_row height_auto width_full\"><div class=\"l-section-h i-cf\"><div class=\"g-cols vc_row via_grid cols_2 laptops-cols_inherit tablets-cols_inherit mobiles-cols_1 valign_middle type_default reversed stacking_default\" style=\"--gap:0rem;\"><div class=\"wpb_column vc_column_container us_custom_be6258f0 has_text_color has_bg_color\" id=\"book-your-stay\"><div class=\"vc_column-inner\"><h2 class=\"w-text us_custom_84383f0b\"><span class=\"w-text-h\"><span class=\"w-text-value\">Sjekk tilgjengelighet n\u00e5<\/span><\/span><\/h2><div class=\"w-text us_custom_a208e6a3 has_text_color\"><span class=\"w-text-h\"><span class=\"w-text-value\">Sjekk tilgjengelighet og bestill oppholdet ditt p\u00e5 din foretrukne plattform.<\/span><\/span><\/div><div class=\"w-separator size_custom\" style=\"height:30px\"><\/div><div class=\"g-cols wpb_row via_grid cols_1 laptops-cols_inherit tablets-cols_inherit mobiles-cols_1 valign_top type_default stacking_default\" style=\"--gap:3rem;\"><div class=\"wpb_column vc_column_container\"><div class=\"vc_column-inner\"><div class=\"w-hwrapper valign_top wrap stack_on_mobiles default_align_left laptops_align_left tablets_align_left mobiles_align_center\" style=\"--hwrapper-gap:1rem\"><div class=\"w-btn-wrapper align_none\"><a class=\"w-btn us-btn-style_3 us_custom_8ccd0000 my-contact\" target=\"_blank\" rel=\"nofollow\" href=\"https:\/\/checkout.lodgify.com\/v2\/wolfhytten\/reservation?propertyId=555873\"><span class=\"w-btn-label\">Direkte booking<\/span><\/a><\/div><div class=\"w-btn-wrapper align_none hide_on_default hide_on_laptops hide_on_tablets hide_on_mobiles\"><a class=\"w-btn us-btn-style_3 us_custom_793b1f5f my-contact\" target=\"_blank\" rel=\"nofollow\" href=\"https:\/\/www.fewo-direkt.de\"><span class=\"w-btn-label\">FeWo-direkt<\/span><\/a><\/div><div class=\"w-btn-wrapper align_none hide_on_default hide_on_laptops hide_on_tablets hide_on_mobiles\"><a class=\"w-btn us-btn-style_3 us_custom_5606d7f4 my-contact\" target=\"_blank\" rel=\"nofollow\" href=\"https:\/\/www.booking.com\"><span class=\"w-btn-label\">Booking.com<\/span><\/a><\/div><div class=\"w-btn-wrapper align_none\"><a class=\"w-btn us-btn-style_3 us_custom_1a0e992a my-contact\" target=\"_blank\" rel=\"nofollow\" href=\"https:\/\/airbnb.com\/h\/wolfhytten\"><span class=\"w-btn-label\">Airbnb<\/span><\/a><\/div><\/div><\/div><\/div><\/div><\/div><\/div><div class=\"wpb_column vc_column_container us_custom_91c70565 has_bg_color\"><div class=\"vc_column-inner\"><\/div><\/div><\/div><\/div><\/section>\n<\/div><\/div><\/div><\/div><\/section>\n","protected":false},"excerpt":{"rendered":"KontaktKlar til \u00e5 svare p\u00e5 sp\u00f8rsm\u00e5lene dine+49 15679 285006hei (at) wolfhytten.infoHva skjerSjekk tilgjengelighet n\u00e5Sjekk tilgjengelighet og bestill oppholdet ditt p\u00e5 din foretrukne plattform.Direkte bookingFeWo-direktBooking.comAirbnb","protected":false},"author":1,"featured_media":0,"parent":0,"menu_order":0,"comment_status":"closed","ping_status":"closed","template":"","meta":{"_acf_changed":false,"footnotes":""},"class_list":["post-845","page","type-page","status-publish","hentry"],"acf":[],"yoast_head":"<!-- This site is optimized with the Yoast SEO plugin v27.3 - https:\/\/yoast.com\/product\/yoast-seo-wordpress\/ -->\n<title>Kontakt oss - Wolfhytten<\/title>\n<meta name=\"description\" content=\"Ta kontakt med oss \u200b\u200bi Wolfhytten for \u00e5 forh\u00f8re deg om tilgjengelighet, priser, og eventuelle sp\u00f8rsm\u00e5l du har om hytten v\u00e5r i Vr\u00e5dal.\" \/>\n<meta name=\"robots\" content=\"index, follow, max-snippet:-1, max-image-preview:large, max-video-preview:-1\" \/>\n<link rel=\"canonical\" href=\"https:\/\/wolfhytten.info\/no\/kontakt\/\" \/>\n<meta property=\"og:locale\" content=\"nb_NO\" \/>\n<meta property=\"og:type\" content=\"article\" \/>\n<meta property=\"og:title\" content=\"Kontakt oss - Wolfhytten\" \/>\n<meta property=\"og:description\" content=\"Ta kontakt med oss \u200b\u200bi Wolfhytten for \u00e5 forh\u00f8re deg om tilgjengelighet, priser, og eventuelle sp\u00f8rsm\u00e5l du har om hytten v\u00e5r i Vr\u00e5dal.\" \/>\n<meta property=\"og:url\" content=\"https:\/\/wolfhytten.info\/no\/kontakt\/\" \/>\n<meta property=\"og:site_name\" content=\"Wolfhytten\" \/>\n<meta property=\"article:modified_time\" content=\"2024-05-01T15:10:12+00:00\" \/>\n<meta property=\"og:image\" content=\"https:\/\/wolfhytten.info\/wp-content\/uploads\/2023\/12\/view-in-valley-snow-sunset-vradal-panorama.jpg\" \/>\n\t<meta property=\"og:image:width\" content=\"1280\" \/>\n\t<meta property=\"og:image:height\" content=\"720\" \/>\n\t<meta property=\"og:image:type\" content=\"image\/jpeg\" \/>\n<meta name=\"twitter:card\" content=\"summary_large_image\" \/>\n<meta name=\"twitter:label1\" content=\"Ansl. lesetid\" \/>\n\t<meta name=\"twitter:data1\" content=\"2 minutter\" \/>\n<script type=\"application\/ld+json\" class=\"yoast-schema-graph\">{\"@context\":\"https:\\\/\\\/schema.org\",\"@graph\":[{\"@type\":\"WebPage\",\"@id\":\"https:\\\/\\\/wolfhytten.info\\\/no\\\/kontakt\\\/\",\"url\":\"https:\\\/\\\/wolfhytten.info\\\/no\\\/kontakt\\\/\",\"name\":\"Kontakt oss - Wolfhytten\",\"isPartOf\":{\"@id\":\"https:\\\/\\\/wolfhytten.info\\\/no\\\/#website\"},\"datePublished\":\"2022-03-05T11:48:39+00:00\",\"dateModified\":\"2024-05-01T15:10:12+00:00\",\"description\":\"Ta kontakt med oss \u200b\u200bi Wolfhytten for \u00e5 forh\u00f8re deg om tilgjengelighet, priser, og eventuelle sp\u00f8rsm\u00e5l du har om hytten v\u00e5r i Vr\u00e5dal.\",\"breadcrumb\":{\"@id\":\"https:\\\/\\\/wolfhytten.info\\\/no\\\/kontakt\\\/#breadcrumb\"},\"inLanguage\":\"nb-NO\",\"potentialAction\":[{\"@type\":\"ReadAction\",\"target\":[\"https:\\\/\\\/wolfhytten.info\\\/no\\\/kontakt\\\/\"]}]},{\"@type\":\"BreadcrumbList\",\"@id\":\"https:\\\/\\\/wolfhytten.info\\\/no\\\/kontakt\\\/#breadcrumb\",\"itemListElement\":[{\"@type\":\"ListItem\",\"position\":1,\"name\":\"Home\",\"item\":\"https:\\\/\\\/wolfhytten.info\\\/no\\\/hjem\\\/\"},{\"@type\":\"ListItem\",\"position\":2,\"name\":\"Kontakt\"}]},{\"@type\":\"WebSite\",\"@id\":\"https:\\\/\\\/wolfhytten.info\\\/no\\\/#website\",\"url\":\"https:\\\/\\\/wolfhytten.info\\\/no\\\/\",\"name\":\"Wolfhytten - Cabin in Vr\u00e5dal\",\"description\":\"Cabin in Vr\u00e5dal\",\"publisher\":{\"@id\":\"https:\\\/\\\/wolfhytten.info\\\/no\\\/#organization\"},\"alternateName\":\"Wolfhytten\",\"potentialAction\":[{\"@type\":\"SearchAction\",\"target\":{\"@type\":\"EntryPoint\",\"urlTemplate\":\"https:\\\/\\\/wolfhytten.info\\\/no\\\/?s={search_term_string}\"},\"query-input\":{\"@type\":\"PropertyValueSpecification\",\"valueRequired\":true,\"valueName\":\"search_term_string\"}}],\"inLanguage\":\"nb-NO\"},{\"@type\":\"Organization\",\"@id\":\"https:\\\/\\\/wolfhytten.info\\\/no\\\/#organization\",\"name\":\"Wolfhytten\",\"url\":\"https:\\\/\\\/wolfhytten.info\\\/no\\\/\",\"logo\":{\"@type\":\"ImageObject\",\"inLanguage\":\"nb-NO\",\"@id\":\"https:\\\/\\\/wolfhytten.info\\\/no\\\/#\\\/schema\\\/logo\\\/image\\\/\",\"url\":\"https:\\\/\\\/wolfhytten.info\\\/wp-content\\\/uploads\\\/2022\\\/03\\\/2-wolfhytten-logo-web.png\",\"contentUrl\":\"https:\\\/\\\/wolfhytten.info\\\/wp-content\\\/uploads\\\/2022\\\/03\\\/2-wolfhytten-logo-web.png\",\"width\":500,\"height\":231,\"caption\":\"Wolfhytten\"},\"image\":{\"@id\":\"https:\\\/\\\/wolfhytten.info\\\/no\\\/#\\\/schema\\\/logo\\\/image\\\/\"},\"sameAs\":[\"https:\\\/\\\/www.instagram.com\\\/wolfhytten\\\/\"]}]}<\/script>\n<!-- \/ Yoast SEO plugin. -->","yoast_head_json":{"title":"Kontakt oss - Wolfhytten","description":"Ta kontakt med oss \u200b\u200bi Wolfhytten for \u00e5 forh\u00f8re deg om tilgjengelighet, priser, og eventuelle sp\u00f8rsm\u00e5l du har om hytten v\u00e5r i Vr\u00e5dal.","robots":{"index":"index","follow":"follow","max-snippet":"max-snippet:-1","max-image-preview":"max-image-preview:large","max-video-preview":"max-video-preview:-1"},"canonical":"https:\/\/wolfhytten.info\/no\/kontakt\/","og_locale":"nb_NO","og_type":"article","og_title":"Kontakt oss - Wolfhytten","og_description":"Ta kontakt med oss \u200b\u200bi Wolfhytten for \u00e5 forh\u00f8re deg om tilgjengelighet, priser, og eventuelle sp\u00f8rsm\u00e5l du har om hytten v\u00e5r i Vr\u00e5dal.","og_url":"https:\/\/wolfhytten.info\/no\/kontakt\/","og_site_name":"Wolfhytten","article_modified_time":"2024-05-01T15:10:12+00:00","og_image":[{"width":1280,"height":720,"url":"https:\/\/wolfhytten.info\/wp-content\/uploads\/2023\/12\/view-in-valley-snow-sunset-vradal-panorama.jpg","type":"image\/jpeg"}],"twitter_card":"summary_large_image","twitter_misc":{"Ansl. lesetid":"2 minutter"},"schema":{"@context":"https:\/\/schema.org","@graph":[{"@type":"WebPage","@id":"https:\/\/wolfhytten.info\/no\/kontakt\/","url":"https:\/\/wolfhytten.info\/no\/kontakt\/","name":"Kontakt oss - Wolfhytten","isPartOf":{"@id":"https:\/\/wolfhytten.info\/no\/#website"},"datePublished":"2022-03-05T11:48:39+00:00","dateModified":"2024-05-01T15:10:12+00:00","description":"Ta kontakt med oss \u200b\u200bi Wolfhytten for \u00e5 forh\u00f8re deg om tilgjengelighet, priser, og eventuelle sp\u00f8rsm\u00e5l du har om hytten v\u00e5r i Vr\u00e5dal.","breadcrumb":{"@id":"https:\/\/wolfhytten.info\/no\/kontakt\/#breadcrumb"},"inLanguage":"nb-NO","potentialAction":[{"@type":"ReadAction","target":["https:\/\/wolfhytten.info\/no\/kontakt\/"]}]},{"@type":"BreadcrumbList","@id":"https:\/\/wolfhytten.info\/no\/kontakt\/#breadcrumb","itemListElement":[{"@type":"ListItem","position":1,"name":"Home","item":"https:\/\/wolfhytten.info\/no\/hjem\/"},{"@type":"ListItem","position":2,"name":"Kontakt"}]},{"@type":"WebSite","@id":"https:\/\/wolfhytten.info\/no\/#website","url":"https:\/\/wolfhytten.info\/no\/","name":"Wolfhytten - Cabin in Vr\u00e5dal","description":"Cabin in Vr\u00e5dal","publisher":{"@id":"https:\/\/wolfhytten.info\/no\/#organization"},"alternateName":"Wolfhytten","potentialAction":[{"@type":"SearchAction","target":{"@type":"EntryPoint","urlTemplate":"https:\/\/wolfhytten.info\/no\/?s={search_term_string}"},"query-input":{"@type":"PropertyValueSpecification","valueRequired":true,"valueName":"search_term_string"}}],"inLanguage":"nb-NO"},{"@type":"Organization","@id":"https:\/\/wolfhytten.info\/no\/#organization","name":"Wolfhytten","url":"https:\/\/wolfhytten.info\/no\/","logo":{"@type":"ImageObject","inLanguage":"nb-NO","@id":"https:\/\/wolfhytten.info\/no\/#\/schema\/logo\/image\/","url":"https:\/\/wolfhytten.info\/wp-content\/uploads\/2022\/03\/2-wolfhytten-logo-web.png","contentUrl":"https:\/\/wolfhytten.info\/wp-content\/uploads\/2022\/03\/2-wolfhytten-logo-web.png","width":500,"height":231,"caption":"Wolfhytten"},"image":{"@id":"https:\/\/wolfhytten.info\/no\/#\/schema\/logo\/image\/"},"sameAs":["https:\/\/www.instagram.com\/wolfhytten\/"]}]}},"_links":{"self":[{"href":"https:\/\/wolfhytten.info\/no\/wp-json\/wp\/v2\/pages\/845","targetHints":{"allow":["GET"]}}],"collection":[{"href":"https:\/\/wolfhytten.info\/no\/wp-json\/wp\/v2\/pages"}],"about":[{"href":"https:\/\/wolfhytten.info\/no\/wp-json\/wp\/v2\/types\/page"}],"author":[{"embeddable":true,"href":"https:\/\/wolfhytten.info\/no\/wp-json\/wp\/v2\/users\/1"}],"replies":[{"embeddable":true,"href":"https:\/\/wolfhytten.info\/no\/wp-json\/wp\/v2\/comments?post=845"}],"version-history":[{"count":10,"href":"https:\/\/wolfhytten.info\/no\/wp-json\/wp\/v2\/pages\/845\/revisions"}],"predecessor-version":[{"id":4882,"href":"https:\/\/wolfhytten.info\/no\/wp-json\/wp\/v2\/pages\/845\/revisions\/4882"}],"wp:attachment":[{"href":"https:\/\/wolfhytten.info\/no\/wp-json\/wp\/v2\/media?parent=845"}],"curies":[{"name":"wp","href":"https:\/\/api.w.org\/{rel}","templated":true}]}}