{"id":864,"date":"2023-04-20T20:41:37","date_gmt":"2023-04-20T18:41:37","guid":{"rendered":"https:\/\/wolfhytten.info\/veibeskrivelse\/"},"modified":"2023-12-16T15:11:32","modified_gmt":"2023-12-16T14:11:32","slug":"veibeskrivelse","status":"publish","type":"page","link":"https:\/\/wolfhytten.info\/no\/veibeskrivelse\/","title":{"rendered":"Veibeskrivelse"},"content":{"rendered":"<section class=\"l-section wpb_row height_auto\"><div class=\"l-section-h i-cf\"><div class=\"g-cols vc_row via_grid cols_1 laptops-cols_inherit tablets-cols_inherit mobiles-cols_1 valign_top type_default stacking_default\"><div class=\"wpb_column vc_column_container us_custom_f3355768 has_bg_color\"><div class=\"vc_column-inner\"><h1 class=\"w-post-elm post_title us_custom_836f727b has_text_color align_center entry-title color_link_inherit\">Veibeskrivelse<\/h1><\/div><\/div><\/div><\/div><\/section><section class=\"l-section wpb_row height_custom\"><div class=\"l-section-h i-cf\"><div class=\"g-cols vc_row via_grid cols_1 laptops-cols_inherit tablets-cols_inherit mobiles-cols_1 valign_top type_default stacking_default\"><div class=\"wpb_column vc_column_container\"><div class=\"vc_column-inner\"><div class=\"g-cols wpb_row via_grid cols_2 laptops-cols_inherit tablets-cols_1 mobiles-cols_1 valign_top type_default stacking_default\" style=\"--gap:3rem;\"><div class=\"wpb_column vc_column_container\"><div class=\"vc_column-inner\"><h2 class=\"w-text us_custom_a4fdb2b3\"><span class=\"w-text-h\"><span class=\"w-text-value\">Oppdag de beste m\u00e5tene \u00e5 reise til S\u00f8r-Norge p\u00e5<\/span><\/span><\/h2><div class=\"wpb_text_column\"><div class=\"wpb_wrapper\"><p>Det er flere praktiske reisealternativer for \u00e5 komme til Vr\u00e5dal, Norge. Du kan velge \u00e5 kj\u00f8re med bil, ta en ferge eller velge flyreise.  Utforsk hvert av disse valgene for \u00e5 planlegge reisen til Norge. De mest popul\u00e6re rutene inkluderer ofte en fergeoverfart. Hvis du foretrekker alternative ruter uten ferger, kan du finne informasjon nedenfor om \u00e5 reise med bil eller fly.<\/p>\n<\/div><\/div><div class=\"w-separator size_custom\" style=\"height:30px\"><\/div><div class=\"wpb_text_column\"><div class=\"wpb_wrapper\"><h3>1. Ferge fra Hirtshals til Norge<\/h3>\n<p>Reis fra Hirtshals (DK) til Larvik\/Kristiansand (NO) p\u00e5 en 3-timers fergetur. Etterp\u00e5 fortsetter turen med en 3-timers kj\u00f8retur for \u00e5 komme til hytta v\u00e5r i Vr\u00e5dal.<\/p>\n<\/div><\/div><div class=\"w-separator size_custom\" style=\"height:30px\"><\/div><div class=\"wpb_text_column\"><div class=\"wpb_wrapper\"><h3>2. Rask Fehmarn Ferge til Skandinavia<\/h3>\n<p>Begynn reisen med en 45-minutters fergetur fra Fehmarn (DE) til R\u00f8dby (DK). Kj\u00f8r gjennom Sverige for \u00e5 n\u00e5 Norge, en total kj\u00f8retid p\u00e5 cirka 10 timer.<\/p>\n<\/div><\/div><div class=\"w-separator size_custom\" style=\"height:30px\"><\/div><div class=\"wpb_text_column\"><div class=\"wpb_wrapper\"><h3>3. Kiel til Oslo Luksusalternativ<\/h3>\n<p>Velg overnattingsfergen fra Kiel (DE) til Oslo (NO), som gir 20 timers cruisekomfort. Ved ankomst Oslo, fortsett med en 4-timers kj\u00f8retur til v\u00e5r hytte i Vr\u00e5dal, Norge.<\/p>\n<\/div><\/div><\/div><\/div><div class=\"wpb_column vc_column_container us_custom_fe72328b has_bg_color\"><div class=\"vc_column-inner\"><div class=\"wpb_text_column us_custom_b8655b59\"><div class=\"wpb_wrapper\"><p>\u00a9 <a href=\"https:\/\/www.openstreetmap.org\/copyright\" target=\"_blank\" rel=\"noopener\">OpenStreetMap<\/a> contributors<\/p>\n<\/div><\/div><\/div><\/div><\/div><\/div><\/div><\/div><\/div><\/section><section class=\"l-section wpb_row height_auto\"><div class=\"l-section-h i-cf\"><div class=\"g-cols vc_row via_grid cols_1 laptops-cols_inherit tablets-cols_inherit mobiles-cols_1 valign_top type_default stacking_default\"><div class=\"wpb_column vc_column_container\"><div class=\"vc_column-inner\"><h2 class=\"w-text us_custom_eb849559\"><span class=\"w-text-h\"><span class=\"w-text-value\">Til Norge med fly eller en fergefri biltur<\/span><\/span><\/h2><div class=\"g-cols wpb_row us_custom_687769f5 via_grid cols_2 laptops-cols_inherit tablets-cols_1 mobiles-cols_1 valign_top type_default stacking_default\" style=\"--gap:1rem;\"><div class=\"wpb_column vc_column_container us_custom_8373e9a1\"><div class=\"vc_column-inner\"><div class=\"w-image us_custom_fca8cc99 has_ratio align_none\"><div class=\"w-image-h\"><div style=\"padding-bottom:66.6667%\"><\/div><img decoding=\"async\" width=\"1000\" height=\"672\" src=\"https:\/\/wolfhytten.info\/wp-content\/uploads\/2023\/09\/air-norwegian-aircraft.jpg\" class=\"attachment-large size-large\" alt=\"Air Norwegian Aircraft on the Ground\" loading=\"lazy\" srcset=\"https:\/\/wolfhytten.info\/wp-content\/uploads\/2023\/09\/air-norwegian-aircraft.jpg 1000w, https:\/\/wolfhytten.info\/wp-content\/uploads\/2023\/09\/air-norwegian-aircraft-300x202.jpg 300w\" sizes=\"auto, (max-width: 1000px) 100vw, 1000px\" \/><\/div><\/div><div class=\"wpb_text_column us_custom_0db2db7a\"><div class=\"wpb_wrapper\"><p>For de som planlegger \u00e5 ankomme Norge med fly, er Oslo Lufthavn en praktisk inngangsport. Ved landing p\u00e5 Oslo Lufthavn kan du enkelt leie en bil for \u00e5 legge ut p\u00e5 den ca 4 timers kj\u00f8returen til hytta v\u00e5r. Dette alternativet gir en rask og komfortabel m\u00e5te \u00e5 n\u00e5 hytten v\u00e5r p\u00e5 Wolfhytten hvis du reiser fra lengre avstand.<\/p>\n<\/div><\/div><\/div><\/div><div class=\"wpb_column vc_column_container\"><div class=\"vc_column-inner\"><div class=\"w-image us_custom_fca8cc99 has_ratio align_none\"><div class=\"w-image-h\"><div style=\"padding-bottom:66.6667%\"><\/div><img decoding=\"async\" width=\"1000\" height=\"696\" src=\"https:\/\/wolfhytten.info\/wp-content\/uploads\/2023\/09\/oeresund_bridge_sea.jpg\" class=\"attachment-large size-large\" alt=\"\u00d6resund Bridge Overlooking the Sea\" loading=\"lazy\" srcset=\"https:\/\/wolfhytten.info\/wp-content\/uploads\/2023\/09\/oeresund_bridge_sea.jpg 1000w, https:\/\/wolfhytten.info\/wp-content\/uploads\/2023\/09\/oeresund_bridge_sea-300x209.jpg 300w\" sizes=\"auto, (max-width: 1000px) 100vw, 1000px\" \/><\/div><\/div><div class=\"wpb_text_column us_custom_0db2db7a\"><div class=\"wpb_wrapper\"><p>For reisende som s\u00f8ker en fergefri rute til Norge, er en biltur gjennom Danmark og Sverige et alternativ. To betydelige broer, Storeb\u00e6ltsbroen (omtrent \u20ac35 bompenger) og \u00d6resundbroen (ca \u20ac50 toll), forbinder disse landene. Disse bompengene er n\u00f8dvendige utgifter for \u00e5 komme til Norge p\u00e5 vei mens du nyter den naturskj\u00f8nne reisen.<\/p>\n<\/div><\/div><\/div><\/div><\/div><\/div><\/div><\/div><\/div><\/section><section class=\"l-section wpb_row height_auto\"><div class=\"l-section-h i-cf\"><div class=\"g-cols vc_row via_grid cols_1 laptops-cols_inherit tablets-cols_inherit mobiles-cols_1 valign_top type_default stacking_default\"><div class=\"wpb_column vc_column_container\"><div class=\"vc_column-inner\"><div class=\"g-cols wpb_row via_grid cols_1 laptops-cols_inherit tablets-cols_inherit mobiles-cols_1 valign_top type_default stacking_default\" style=\"--gap:3rem;\"><div class=\"wpb_column vc_column_container us_custom_56aa31cf has_bg_color\"><div class=\"vc_column-inner\"><div class=\"wpb_text_column us_custom_b8655b59\"><div class=\"wpb_wrapper\"><p>\u00a9 <a href=\"https:\/\/www.openstreetmap.org\/copyright\" target=\"_blank\" rel=\"noopener\">OpenStreetMap<\/a> contributors<\/p>\n<\/div><\/div><\/div><\/div><\/div><div class=\"w-separator size_custom\" style=\"height:30px\"><\/div><div class=\"w-btn-wrapper align_center\"><a class=\"w-btn us-btn-style_4\" target=\"_blank\" title=\"Google Maps\" href=\"https:\/\/goo.gl\/maps\/AroDArph8fBecdPz8\"><span class=\"w-btn-label\">F\u00e5 veibeskrivelse p\u00e5 Google Maps<\/span><\/a><\/div><\/div><\/div><\/div><\/div><\/section><section class=\"l-section wpb_row height_custom\"><div class=\"l-section-h i-cf\"><div class=\"g-cols vc_row via_grid cols_1 laptops-cols_inherit tablets-cols_inherit mobiles-cols_1 valign_top type_default stacking_default\"><div class=\"wpb_column vc_column_container\"><div class=\"vc_column-inner\"><section class=\"l-section wpb_row height_auto width_full\"><div class=\"l-section-h i-cf\"><div class=\"g-cols vc_row via_grid cols_2 laptops-cols_inherit tablets-cols_inherit mobiles-cols_1 valign_middle type_default reversed stacking_default\" style=\"--gap:0rem;\"><div class=\"wpb_column vc_column_container us_custom_be6258f0 has_text_color has_bg_color\" id=\"book-your-stay\"><div class=\"vc_column-inner\"><h2 class=\"w-text us_custom_84383f0b\"><span class=\"w-text-h\"><span class=\"w-text-value\">Sjekk tilgjengelighet n\u00e5<\/span><\/span><\/h2><div class=\"w-text us_custom_a208e6a3 has_text_color\"><span class=\"w-text-h\"><span class=\"w-text-value\">Sjekk tilgjengelighet og bestill oppholdet ditt p\u00e5 din foretrukne plattform.<\/span><\/span><\/div><div class=\"w-separator size_custom\" style=\"height:30px\"><\/div><div class=\"g-cols wpb_row via_grid cols_1 laptops-cols_inherit tablets-cols_inherit mobiles-cols_1 valign_top type_default stacking_default\" style=\"--gap:3rem;\"><div class=\"wpb_column vc_column_container\"><div class=\"vc_column-inner\"><div class=\"w-hwrapper valign_top wrap stack_on_mobiles default_align_left laptops_align_left tablets_align_left mobiles_align_center\" style=\"--hwrapper-gap:1rem\"><div class=\"w-btn-wrapper align_none\"><a class=\"w-btn us-btn-style_3 us_custom_8ccd0000 my-contact\" target=\"_blank\" rel=\"nofollow\" href=\"https:\/\/checkout.lodgify.com\/v2\/wolfhytten\/reservation?propertyId=555873\"><span class=\"w-btn-label\">Direkte booking<\/span><\/a><\/div><div class=\"w-btn-wrapper align_none hide_on_default hide_on_laptops hide_on_tablets hide_on_mobiles\"><a class=\"w-btn us-btn-style_3 us_custom_793b1f5f my-contact\" target=\"_blank\" rel=\"nofollow\" href=\"https:\/\/www.fewo-direkt.de\"><span class=\"w-btn-label\">FeWo-direkt<\/span><\/a><\/div><div class=\"w-btn-wrapper align_none hide_on_default hide_on_laptops hide_on_tablets hide_on_mobiles\"><a class=\"w-btn us-btn-style_3 us_custom_5606d7f4 my-contact\" target=\"_blank\" rel=\"nofollow\" href=\"https:\/\/www.booking.com\"><span class=\"w-btn-label\">Booking.com<\/span><\/a><\/div><div class=\"w-btn-wrapper align_none\"><a class=\"w-btn us-btn-style_3 us_custom_1a0e992a my-contact\" target=\"_blank\" rel=\"nofollow\" href=\"https:\/\/airbnb.com\/h\/wolfhytten\"><span class=\"w-btn-label\">Airbnb<\/span><\/a><\/div><\/div><\/div><\/div><\/div><\/div><\/div><div class=\"wpb_column vc_column_container us_custom_91c70565 has_bg_color\"><div class=\"vc_column-inner\"><\/div><\/div><\/div><\/div><\/section>\n<\/div><\/div><\/div><\/div><\/section>\n","protected":false},"excerpt":{"rendered":"VeibeskrivelseOppdag de beste m\u00e5tene \u00e5 reise til S\u00f8r-Norge p\u00e5Det er flere praktiske reisealternativer for \u00e5 komme til Vr\u00e5dal, Norge. Du kan velge \u00e5 kj\u00f8re med bil, ta en ferge eller velge flyreise. Utforsk hvert av disse valgene for \u00e5 planlegge reisen til Norge. De mest popul\u00e6re rutene inkluderer ofte en fergeoverfart. Hvis du foretrekker alternative...","protected":false},"author":1,"featured_media":2568,"parent":0,"menu_order":0,"comment_status":"closed","ping_status":"closed","template":"","meta":{"_acf_changed":false,"footnotes":""},"class_list":["post-864","page","type-page","status-publish","has-post-thumbnail","hentry"],"acf":[],"yoast_head":"<!-- This site is optimized with the Yoast SEO plugin v27.3 - https:\/\/yoast.com\/product\/yoast-seo-wordpress\/ -->\n<title>Utforsk reisemuligheter til S\u00f8r-Norge \u2013 Planlegg reisen<\/title>\n<meta name=\"description\" content=\"Oppdag de beste m\u00e5tene \u00e5 n\u00e5 S\u00f8r-Norge og hytten v\u00e5r p\u00e5 Wolfhytten. Velg mellom bil, ferge eller flyreiser for enkelhets skyld.\" \/>\n<meta name=\"robots\" content=\"index, follow, max-snippet:-1, max-image-preview:large, max-video-preview:-1\" \/>\n<link rel=\"canonical\" href=\"https:\/\/wolfhytten.info\/no\/veibeskrivelse\/\" \/>\n<meta property=\"og:locale\" content=\"nb_NO\" \/>\n<meta property=\"og:type\" content=\"article\" \/>\n<meta property=\"og:title\" content=\"Utforsk reisemuligheter til S\u00f8r-Norge \u2013 Planlegg reisen\" \/>\n<meta property=\"og:description\" content=\"Oppdag de beste m\u00e5tene \u00e5 n\u00e5 S\u00f8r-Norge og hytten v\u00e5r p\u00e5 Wolfhytten. Velg mellom bil, ferge eller flyreiser for enkelhets skyld.\" \/>\n<meta property=\"og:url\" content=\"https:\/\/wolfhytten.info\/no\/veibeskrivelse\/\" \/>\n<meta property=\"og:site_name\" content=\"Wolfhytten\" \/>\n<meta property=\"article:modified_time\" content=\"2023-12-16T14:11:32+00:00\" \/>\n<meta property=\"og:image\" content=\"https:\/\/wolfhytten.info\/wp-content\/uploads\/2023\/09\/oeresund_bridge_sea.jpg\" \/>\n\t<meta property=\"og:image:width\" content=\"1000\" \/>\n\t<meta property=\"og:image:height\" content=\"696\" \/>\n\t<meta property=\"og:image:type\" content=\"image\/jpeg\" \/>\n<meta name=\"twitter:card\" content=\"summary_large_image\" \/>\n<meta name=\"twitter:label1\" content=\"Ansl. lesetid\" \/>\n\t<meta name=\"twitter:data1\" content=\"5 minutter\" \/>\n<script type=\"application\/ld+json\" class=\"yoast-schema-graph\">{\"@context\":\"https:\\\/\\\/schema.org\",\"@graph\":[{\"@type\":\"WebPage\",\"@id\":\"https:\\\/\\\/wolfhytten.info\\\/no\\\/veibeskrivelse\\\/\",\"url\":\"https:\\\/\\\/wolfhytten.info\\\/no\\\/veibeskrivelse\\\/\",\"name\":\"Utforsk reisemuligheter til S\u00f8r-Norge \u2013 Planlegg reisen\",\"isPartOf\":{\"@id\":\"https:\\\/\\\/wolfhytten.info\\\/no\\\/#website\"},\"primaryImageOfPage\":{\"@id\":\"https:\\\/\\\/wolfhytten.info\\\/no\\\/veibeskrivelse\\\/#primaryimage\"},\"image\":{\"@id\":\"https:\\\/\\\/wolfhytten.info\\\/no\\\/veibeskrivelse\\\/#primaryimage\"},\"thumbnailUrl\":\"https:\\\/\\\/wolfhytten.info\\\/wp-content\\\/uploads\\\/2023\\\/09\\\/oeresund_bridge_sea.jpg\",\"datePublished\":\"2023-04-20T18:41:37+00:00\",\"dateModified\":\"2023-12-16T14:11:32+00:00\",\"description\":\"Oppdag de beste m\u00e5tene \u00e5 n\u00e5 S\u00f8r-Norge og hytten v\u00e5r p\u00e5 Wolfhytten. Velg mellom bil, ferge eller flyreiser for enkelhets skyld.\",\"breadcrumb\":{\"@id\":\"https:\\\/\\\/wolfhytten.info\\\/no\\\/veibeskrivelse\\\/#breadcrumb\"},\"inLanguage\":\"nb-NO\",\"potentialAction\":[{\"@type\":\"ReadAction\",\"target\":[\"https:\\\/\\\/wolfhytten.info\\\/no\\\/veibeskrivelse\\\/\"]}]},{\"@type\":\"ImageObject\",\"inLanguage\":\"nb-NO\",\"@id\":\"https:\\\/\\\/wolfhytten.info\\\/no\\\/veibeskrivelse\\\/#primaryimage\",\"url\":\"https:\\\/\\\/wolfhytten.info\\\/wp-content\\\/uploads\\\/2023\\\/09\\\/oeresund_bridge_sea.jpg\",\"contentUrl\":\"https:\\\/\\\/wolfhytten.info\\\/wp-content\\\/uploads\\\/2023\\\/09\\\/oeresund_bridge_sea.jpg\",\"width\":1000,\"height\":696,\"caption\":\"\u00d6resund Bridge Overlooking the Sea\"},{\"@type\":\"BreadcrumbList\",\"@id\":\"https:\\\/\\\/wolfhytten.info\\\/no\\\/veibeskrivelse\\\/#breadcrumb\",\"itemListElement\":[{\"@type\":\"ListItem\",\"position\":1,\"name\":\"Home\",\"item\":\"https:\\\/\\\/wolfhytten.info\\\/no\\\/hjem\\\/\"},{\"@type\":\"ListItem\",\"position\":2,\"name\":\"Veibeskrivelse\"}]},{\"@type\":\"WebSite\",\"@id\":\"https:\\\/\\\/wolfhytten.info\\\/no\\\/#website\",\"url\":\"https:\\\/\\\/wolfhytten.info\\\/no\\\/\",\"name\":\"Wolfhytten - Cabin in Vr\u00e5dal\",\"description\":\"Cabin in Vr\u00e5dal\",\"publisher\":{\"@id\":\"https:\\\/\\\/wolfhytten.info\\\/no\\\/#organization\"},\"alternateName\":\"Wolfhytten\",\"potentialAction\":[{\"@type\":\"SearchAction\",\"target\":{\"@type\":\"EntryPoint\",\"urlTemplate\":\"https:\\\/\\\/wolfhytten.info\\\/no\\\/?s={search_term_string}\"},\"query-input\":{\"@type\":\"PropertyValueSpecification\",\"valueRequired\":true,\"valueName\":\"search_term_string\"}}],\"inLanguage\":\"nb-NO\"},{\"@type\":\"Organization\",\"@id\":\"https:\\\/\\\/wolfhytten.info\\\/no\\\/#organization\",\"name\":\"Wolfhytten\",\"url\":\"https:\\\/\\\/wolfhytten.info\\\/no\\\/\",\"logo\":{\"@type\":\"ImageObject\",\"inLanguage\":\"nb-NO\",\"@id\":\"https:\\\/\\\/wolfhytten.info\\\/no\\\/#\\\/schema\\\/logo\\\/image\\\/\",\"url\":\"https:\\\/\\\/wolfhytten.info\\\/wp-content\\\/uploads\\\/2022\\\/03\\\/2-wolfhytten-logo-web.png\",\"contentUrl\":\"https:\\\/\\\/wolfhytten.info\\\/wp-content\\\/uploads\\\/2022\\\/03\\\/2-wolfhytten-logo-web.png\",\"width\":500,\"height\":231,\"caption\":\"Wolfhytten\"},\"image\":{\"@id\":\"https:\\\/\\\/wolfhytten.info\\\/no\\\/#\\\/schema\\\/logo\\\/image\\\/\"},\"sameAs\":[\"https:\\\/\\\/www.instagram.com\\\/wolfhytten\\\/\"]}]}<\/script>\n<!-- \/ Yoast SEO plugin. -->","yoast_head_json":{"title":"Utforsk reisemuligheter til S\u00f8r-Norge \u2013 Planlegg reisen","description":"Oppdag de beste m\u00e5tene \u00e5 n\u00e5 S\u00f8r-Norge og hytten v\u00e5r p\u00e5 Wolfhytten. Velg mellom bil, ferge eller flyreiser for enkelhets skyld.","robots":{"index":"index","follow":"follow","max-snippet":"max-snippet:-1","max-image-preview":"max-image-preview:large","max-video-preview":"max-video-preview:-1"},"canonical":"https:\/\/wolfhytten.info\/no\/veibeskrivelse\/","og_locale":"nb_NO","og_type":"article","og_title":"Utforsk reisemuligheter til S\u00f8r-Norge \u2013 Planlegg reisen","og_description":"Oppdag de beste m\u00e5tene \u00e5 n\u00e5 S\u00f8r-Norge og hytten v\u00e5r p\u00e5 Wolfhytten. Velg mellom bil, ferge eller flyreiser for enkelhets skyld.","og_url":"https:\/\/wolfhytten.info\/no\/veibeskrivelse\/","og_site_name":"Wolfhytten","article_modified_time":"2023-12-16T14:11:32+00:00","og_image":[{"width":1000,"height":696,"url":"https:\/\/wolfhytten.info\/wp-content\/uploads\/2023\/09\/oeresund_bridge_sea.jpg","type":"image\/jpeg"}],"twitter_card":"summary_large_image","twitter_misc":{"Ansl. lesetid":"5 minutter"},"schema":{"@context":"https:\/\/schema.org","@graph":[{"@type":"WebPage","@id":"https:\/\/wolfhytten.info\/no\/veibeskrivelse\/","url":"https:\/\/wolfhytten.info\/no\/veibeskrivelse\/","name":"Utforsk reisemuligheter til S\u00f8r-Norge \u2013 Planlegg reisen","isPartOf":{"@id":"https:\/\/wolfhytten.info\/no\/#website"},"primaryImageOfPage":{"@id":"https:\/\/wolfhytten.info\/no\/veibeskrivelse\/#primaryimage"},"image":{"@id":"https:\/\/wolfhytten.info\/no\/veibeskrivelse\/#primaryimage"},"thumbnailUrl":"https:\/\/wolfhytten.info\/wp-content\/uploads\/2023\/09\/oeresund_bridge_sea.jpg","datePublished":"2023-04-20T18:41:37+00:00","dateModified":"2023-12-16T14:11:32+00:00","description":"Oppdag de beste m\u00e5tene \u00e5 n\u00e5 S\u00f8r-Norge og hytten v\u00e5r p\u00e5 Wolfhytten. Velg mellom bil, ferge eller flyreiser for enkelhets skyld.","breadcrumb":{"@id":"https:\/\/wolfhytten.info\/no\/veibeskrivelse\/#breadcrumb"},"inLanguage":"nb-NO","potentialAction":[{"@type":"ReadAction","target":["https:\/\/wolfhytten.info\/no\/veibeskrivelse\/"]}]},{"@type":"ImageObject","inLanguage":"nb-NO","@id":"https:\/\/wolfhytten.info\/no\/veibeskrivelse\/#primaryimage","url":"https:\/\/wolfhytten.info\/wp-content\/uploads\/2023\/09\/oeresund_bridge_sea.jpg","contentUrl":"https:\/\/wolfhytten.info\/wp-content\/uploads\/2023\/09\/oeresund_bridge_sea.jpg","width":1000,"height":696,"caption":"\u00d6resund Bridge Overlooking the Sea"},{"@type":"BreadcrumbList","@id":"https:\/\/wolfhytten.info\/no\/veibeskrivelse\/#breadcrumb","itemListElement":[{"@type":"ListItem","position":1,"name":"Home","item":"https:\/\/wolfhytten.info\/no\/hjem\/"},{"@type":"ListItem","position":2,"name":"Veibeskrivelse"}]},{"@type":"WebSite","@id":"https:\/\/wolfhytten.info\/no\/#website","url":"https:\/\/wolfhytten.info\/no\/","name":"Wolfhytten - Cabin in Vr\u00e5dal","description":"Cabin in Vr\u00e5dal","publisher":{"@id":"https:\/\/wolfhytten.info\/no\/#organization"},"alternateName":"Wolfhytten","potentialAction":[{"@type":"SearchAction","target":{"@type":"EntryPoint","urlTemplate":"https:\/\/wolfhytten.info\/no\/?s={search_term_string}"},"query-input":{"@type":"PropertyValueSpecification","valueRequired":true,"valueName":"search_term_string"}}],"inLanguage":"nb-NO"},{"@type":"Organization","@id":"https:\/\/wolfhytten.info\/no\/#organization","name":"Wolfhytten","url":"https:\/\/wolfhytten.info\/no\/","logo":{"@type":"ImageObject","inLanguage":"nb-NO","@id":"https:\/\/wolfhytten.info\/no\/#\/schema\/logo\/image\/","url":"https:\/\/wolfhytten.info\/wp-content\/uploads\/2022\/03\/2-wolfhytten-logo-web.png","contentUrl":"https:\/\/wolfhytten.info\/wp-content\/uploads\/2022\/03\/2-wolfhytten-logo-web.png","width":500,"height":231,"caption":"Wolfhytten"},"image":{"@id":"https:\/\/wolfhytten.info\/no\/#\/schema\/logo\/image\/"},"sameAs":["https:\/\/www.instagram.com\/wolfhytten\/"]}]}},"_links":{"self":[{"href":"https:\/\/wolfhytten.info\/no\/wp-json\/wp\/v2\/pages\/864","targetHints":{"allow":["GET"]}}],"collection":[{"href":"https:\/\/wolfhytten.info\/no\/wp-json\/wp\/v2\/pages"}],"about":[{"href":"https:\/\/wolfhytten.info\/no\/wp-json\/wp\/v2\/types\/page"}],"author":[{"embeddable":true,"href":"https:\/\/wolfhytten.info\/no\/wp-json\/wp\/v2\/users\/1"}],"replies":[{"embeddable":true,"href":"https:\/\/wolfhytten.info\/no\/wp-json\/wp\/v2\/comments?post=864"}],"version-history":[{"count":10,"href":"https:\/\/wolfhytten.info\/no\/wp-json\/wp\/v2\/pages\/864\/revisions"}],"predecessor-version":[{"id":3593,"href":"https:\/\/wolfhytten.info\/no\/wp-json\/wp\/v2\/pages\/864\/revisions\/3593"}],"wp:featuredmedia":[{"embeddable":true,"href":"https:\/\/wolfhytten.info\/no\/wp-json\/wp\/v2\/media\/2568"}],"wp:attachment":[{"href":"https:\/\/wolfhytten.info\/no\/wp-json\/wp\/v2\/media?parent=864"}],"curies":[{"name":"wp","href":"https:\/\/api.w.org\/{rel}","templated":true}]}}